{"id":12744,"date":"2024-01-03T11:24:25","date_gmt":"2024-01-03T11:24:25","guid":{"rendered":"https:\/\/sampledata.potenzaglobalsolutions.com\/cardealer-el\/?page_id=12722"},"modified":"2024-01-03T11:24:25","modified_gmt":"2024-01-03T11:24:25","slug":"video-button","status":"publish","type":"page","link":"https:\/\/relaisdulys.fr\/index.php\/video-button\/","title":{"rendered":"Video Button"},"content":{"rendered":"\t\t<div data-elementor-type=\"wp-page\" data-elementor-id=\"12744\" class=\"elementor elementor-12744\">\n\t\t\t\t<div class=\"elementor-element elementor-element-84f0260 e-flex e-con-boxed e-con e-parent\" data-id=\"84f0260\" data-element_type=\"container\">\n\t\t\t\t\t<div class=\"e-con-inner\">\n\t\t<div class=\"elementor-element elementor-element-ddcbacf e-con-full e-flex e-con e-child\" data-id=\"ddcbacf\" data-element_type=\"container\">\n\t\t\t\t<div class=\"elementor-element elementor-element-c6f11f3 elementor-widget elementor-widget-cdhl_section-title\" data-id=\"c6f11f3\" data-element_type=\"widget\" data-widget_type=\"cdhl_section-title.default\">\n\t\t\t\t<div class=\"elementor-widget-container\">\n\t\t\t<div class=\"cdhl_section-title_wrapper\">\n\t<div class=\"section-title text-left style_3\" id=\"c6f11f3\">\n\t\t\t\t\t<h4 class=\"main-title\">\n\t\t\tVideo Button : YouTube\t\t<\/h4>\n\t\t\t<\/div>\n<\/div>\n\t\t<\/div>\n\t\t\t\t<\/div>\n\t\t\t\t<div class=\"elementor-element elementor-element-0354d63 elementor-widget elementor-widget-cdhl_video-button\" data-id=\"0354d63\" data-element_type=\"widget\" data-widget_type=\"cdhl_video-button.default\">\n\t\t\t\t<div class=\"elementor-widget-container\">\n\t\t\t<div class=\"cdhl_video-button_wrapper\">\n\t<div class=\"video-info\">\n\t\t<a class=\"popup-video\" href=\"https:\/\/www.youtube.com\/watch?v=ql94IYUrwXY\" style=\"--video_button_icon_color: #FFFFFF;--video_button_icon_hover_color: #FFFFFF;--video_button_background_color: #DB2D2E;--video_button_background_hover__color: #141414\" ><i class=\"fas fa-play\"><\/i><\/a>\n\t<\/div>\n<\/div>\n\t\t<\/div>\n\t\t\t\t<\/div>\n\t\t\t\t<\/div>\n\t\t<div class=\"elementor-element elementor-element-7847577 e-con-full e-flex e-con e-child\" data-id=\"7847577\" data-element_type=\"container\">\n\t\t\t\t<div class=\"elementor-element elementor-element-83a2b5f elementor-widget elementor-widget-cdhl_section-title\" data-id=\"83a2b5f\" data-element_type=\"widget\" data-widget_type=\"cdhl_section-title.default\">\n\t\t\t\t<div class=\"elementor-widget-container\">\n\t\t\t<div class=\"cdhl_section-title_wrapper\">\n\t<div class=\"section-title text-left style_3\" id=\"83a2b5f\">\n\t\t\t\t\t<h4 class=\"main-title\">\n\t\t\tVideo Button : Vimeo\t\t<\/h4>\n\t\t\t<\/div>\n<\/div>\n\t\t<\/div>\n\t\t\t\t<\/div>\n\t\t\t\t<div class=\"elementor-element elementor-element-dd32aa4 elementor-widget elementor-widget-cdhl_video-button\" data-id=\"dd32aa4\" data-element_type=\"widget\" data-widget_type=\"cdhl_video-button.default\">\n\t\t\t\t<div class=\"elementor-widget-container\">\n\t\t\t<div class=\"cdhl_video-button_wrapper\">\n\t<div class=\"video-info\">\n\t\t<a class=\"popup-video\" href=\"https:\/\/vimeo.com\/337649532\" style=\"--video_button_icon_color: #FFFFFF;--video_button_icon_hover_color: #FFFFFF;--video_button_background_color: #DB2D2E;--video_button_background_hover__color: #141414\" ><i class=\"fas fa-play\"><\/i><\/a>\n\t<\/div>\n<\/div>\n\t\t<\/div>\n\t\t\t\t<\/div>\n\t\t\t\t<\/div>\n\t\t\t\t\t<\/div>\n\t\t\t\t<\/div>\n\t\t\t\t<\/div>\n\t\t","protected":false},"excerpt":{"rendered":"<p>Video Button : YouTube Video Button : Vimeo<\/p>\n","protected":false},"author":1,"featured_media":0,"parent":0,"menu_order":0,"comment_status":"closed","ping_status":"closed","template":"elementor_header_footer","meta":{"_acf_changed":false,"footnotes":""},"class_list":["post-12744","page","type-page","status-publish","hentry"],"acf":[],"yoast_head":"<!-- This site is optimized with the Yoast SEO plugin v24.0 - https:\/\/yoast.com\/wordpress\/plugins\/seo\/ -->\n<title>Video Button - Le Relais du Lys - V\u00e9hicules premium et sportifs d&#039;occasion - Atelier de r\u00e9paration - D\u00e9pot-vente<\/title>\n<meta name=\"robots\" content=\"index, follow, max-snippet:-1, max-image-preview:large, max-video-preview:-1\" \/>\n<link rel=\"canonical\" href=\"https:\/\/relaisdulys.fr\/index.php\/video-button\/\" \/>\n<meta property=\"og:locale\" content=\"fr_FR\" \/>\n<meta property=\"og:type\" content=\"article\" \/>\n<meta property=\"og:title\" content=\"Video Button - Le Relais du Lys - V\u00e9hicules premium et sportifs d&#039;occasion - Atelier de r\u00e9paration - D\u00e9pot-vente\" \/>\n<meta property=\"og:description\" content=\"Video Button : YouTube Video Button : Vimeo\" \/>\n<meta property=\"og:url\" content=\"https:\/\/relaisdulys.fr\/index.php\/video-button\/\" \/>\n<meta property=\"og:site_name\" content=\"Le Relais du Lys - V\u00e9hicules premium et sportifs d&#039;occasion - Atelier de r\u00e9paration - D\u00e9pot-vente\" \/>\n<meta property=\"article:publisher\" content=\"https:\/\/facebook.com\/lerelaisdulys\" \/>\n<meta name=\"twitter:card\" content=\"summary_large_image\" \/>\n<script type=\"application\/ld+json\" class=\"yoast-schema-graph\">{\"@context\":\"https:\/\/schema.org\",\"@graph\":[{\"@type\":\"WebPage\",\"@id\":\"https:\/\/relaisdulys.fr\/index.php\/video-button\/\",\"url\":\"https:\/\/relaisdulys.fr\/index.php\/video-button\/\",\"name\":\"Video Button - Le Relais du Lys - V\u00e9hicules premium et sportifs d&#039;occasion - Atelier de r\u00e9paration - D\u00e9pot-vente\",\"isPartOf\":{\"@id\":\"https:\/\/relaisdulys.fr\/#website\"},\"datePublished\":\"2024-01-03T11:24:25+00:00\",\"dateModified\":\"2024-01-03T11:24:25+00:00\",\"breadcrumb\":{\"@id\":\"https:\/\/relaisdulys.fr\/index.php\/video-button\/#breadcrumb\"},\"inLanguage\":\"fr-FR\",\"potentialAction\":[{\"@type\":\"ReadAction\",\"target\":[\"https:\/\/relaisdulys.fr\/index.php\/video-button\/\"]}]},{\"@type\":\"BreadcrumbList\",\"@id\":\"https:\/\/relaisdulys.fr\/index.php\/video-button\/#breadcrumb\",\"itemListElement\":[{\"@type\":\"ListItem\",\"position\":1,\"name\":\"Accueil\",\"item\":\"https:\/\/relaisdulys.fr\/\"},{\"@type\":\"ListItem\",\"position\":2,\"name\":\"Video Button\"}]},{\"@type\":\"WebSite\",\"@id\":\"https:\/\/relaisdulys.fr\/#website\",\"url\":\"https:\/\/relaisdulys.fr\/\",\"name\":\"Le Relais du Lys - V\u00e9hicules premium et sportifs d'occasion - Atelier de r\u00e9paration - D\u00e9pot-vente\",\"description\":\"Garage Le Relais du Lys \u00e0 proximit\u00e9 de Toulouse - Vente de v\u00e9hicules d&#039;occasion premium et sportifs - Entretien et r\u00e9paration - Achat - D\u00e9p\u00f4t-Vente \u00e0 Saint-Lys\",\"publisher\":{\"@id\":\"https:\/\/relaisdulys.fr\/#organization\"},\"alternateName\":\"Le Relais du Lys - Garage Eurorepar \u00e0 Saint-Lys\",\"potentialAction\":[{\"@type\":\"SearchAction\",\"target\":{\"@type\":\"EntryPoint\",\"urlTemplate\":\"https:\/\/relaisdulys.fr\/?s={search_term_string}\"},\"query-input\":{\"@type\":\"PropertyValueSpecification\",\"valueRequired\":true,\"valueName\":\"search_term_string\"}}],\"inLanguage\":\"fr-FR\"},{\"@type\":\"Organization\",\"@id\":\"https:\/\/relaisdulys.fr\/#organization\",\"name\":\"Le Relais du Lys\",\"url\":\"https:\/\/relaisdulys.fr\/\",\"logo\":{\"@type\":\"ImageObject\",\"inLanguage\":\"fr-FR\",\"@id\":\"https:\/\/relaisdulys.fr\/#\/schema\/logo\/image\/\",\"url\":\"https:\/\/relaisdulys.fr\/wp-content\/uploads\/2021\/07\/relais-du-lys-350-100.png\",\"contentUrl\":\"https:\/\/relaisdulys.fr\/wp-content\/uploads\/2021\/07\/relais-du-lys-350-100.png\",\"width\":350,\"height\":100,\"caption\":\"Le Relais du Lys\"},\"image\":{\"@id\":\"https:\/\/relaisdulys.fr\/#\/schema\/logo\/image\/\"},\"sameAs\":[\"https:\/\/facebook.com\/lerelaisdulys\",\"https:\/\/youtube.com\/@relaisdulys\",\"https:\/\/instagram.com\/relaisdulys\",\"https:\/\/maps.app.goo.gl\/UPLQVadwmRR3DgUbA\"]}]}<\/script>\n<!-- \/ Yoast SEO plugin. -->","yoast_head_json":{"title":"Video Button - Le Relais du Lys - V\u00e9hicules premium et sportifs d&#039;occasion - Atelier de r\u00e9paration - D\u00e9pot-vente","robots":{"index":"index","follow":"follow","max-snippet":"max-snippet:-1","max-image-preview":"max-image-preview:large","max-video-preview":"max-video-preview:-1"},"canonical":"https:\/\/relaisdulys.fr\/index.php\/video-button\/","og_locale":"fr_FR","og_type":"article","og_title":"Video Button - Le Relais du Lys - V\u00e9hicules premium et sportifs d&#039;occasion - Atelier de r\u00e9paration - D\u00e9pot-vente","og_description":"Video Button : YouTube Video Button : Vimeo","og_url":"https:\/\/relaisdulys.fr\/index.php\/video-button\/","og_site_name":"Le Relais du Lys - V\u00e9hicules premium et sportifs d&#039;occasion - Atelier de r\u00e9paration - D\u00e9pot-vente","article_publisher":"https:\/\/facebook.com\/lerelaisdulys","twitter_card":"summary_large_image","schema":{"@context":"https:\/\/schema.org","@graph":[{"@type":"WebPage","@id":"https:\/\/relaisdulys.fr\/index.php\/video-button\/","url":"https:\/\/relaisdulys.fr\/index.php\/video-button\/","name":"Video Button - Le Relais du Lys - V\u00e9hicules premium et sportifs d&#039;occasion - Atelier de r\u00e9paration - D\u00e9pot-vente","isPartOf":{"@id":"https:\/\/relaisdulys.fr\/#website"},"datePublished":"2024-01-03T11:24:25+00:00","dateModified":"2024-01-03T11:24:25+00:00","breadcrumb":{"@id":"https:\/\/relaisdulys.fr\/index.php\/video-button\/#breadcrumb"},"inLanguage":"fr-FR","potentialAction":[{"@type":"ReadAction","target":["https:\/\/relaisdulys.fr\/index.php\/video-button\/"]}]},{"@type":"BreadcrumbList","@id":"https:\/\/relaisdulys.fr\/index.php\/video-button\/#breadcrumb","itemListElement":[{"@type":"ListItem","position":1,"name":"Accueil","item":"https:\/\/relaisdulys.fr\/"},{"@type":"ListItem","position":2,"name":"Video Button"}]},{"@type":"WebSite","@id":"https:\/\/relaisdulys.fr\/#website","url":"https:\/\/relaisdulys.fr\/","name":"Le Relais du Lys - V\u00e9hicules premium et sportifs d'occasion - Atelier de r\u00e9paration - D\u00e9pot-vente","description":"Garage Le Relais du Lys \u00e0 proximit\u00e9 de Toulouse - Vente de v\u00e9hicules d&#039;occasion premium et sportifs - Entretien et r\u00e9paration - Achat - D\u00e9p\u00f4t-Vente \u00e0 Saint-Lys","publisher":{"@id":"https:\/\/relaisdulys.fr\/#organization"},"alternateName":"Le Relais du Lys - Garage Eurorepar \u00e0 Saint-Lys","potentialAction":[{"@type":"SearchAction","target":{"@type":"EntryPoint","urlTemplate":"https:\/\/relaisdulys.fr\/?s={search_term_string}"},"query-input":{"@type":"PropertyValueSpecification","valueRequired":true,"valueName":"search_term_string"}}],"inLanguage":"fr-FR"},{"@type":"Organization","@id":"https:\/\/relaisdulys.fr\/#organization","name":"Le Relais du Lys","url":"https:\/\/relaisdulys.fr\/","logo":{"@type":"ImageObject","inLanguage":"fr-FR","@id":"https:\/\/relaisdulys.fr\/#\/schema\/logo\/image\/","url":"https:\/\/relaisdulys.fr\/wp-content\/uploads\/2021\/07\/relais-du-lys-350-100.png","contentUrl":"https:\/\/relaisdulys.fr\/wp-content\/uploads\/2021\/07\/relais-du-lys-350-100.png","width":350,"height":100,"caption":"Le Relais du Lys"},"image":{"@id":"https:\/\/relaisdulys.fr\/#\/schema\/logo\/image\/"},"sameAs":["https:\/\/facebook.com\/lerelaisdulys","https:\/\/youtube.com\/@relaisdulys","https:\/\/instagram.com\/relaisdulys","https:\/\/maps.app.goo.gl\/UPLQVadwmRR3DgUbA"]}]}},"_links":{"self":[{"href":"https:\/\/relaisdulys.fr\/index.php\/wp-json\/wp\/v2\/pages\/12744","targetHints":{"allow":["GET"]}}],"collection":[{"href":"https:\/\/relaisdulys.fr\/index.php\/wp-json\/wp\/v2\/pages"}],"about":[{"href":"https:\/\/relaisdulys.fr\/index.php\/wp-json\/wp\/v2\/types\/page"}],"author":[{"embeddable":true,"href":"https:\/\/relaisdulys.fr\/index.php\/wp-json\/wp\/v2\/users\/1"}],"replies":[{"embeddable":true,"href":"https:\/\/relaisdulys.fr\/index.php\/wp-json\/wp\/v2\/comments?post=12744"}],"version-history":[{"count":0,"href":"https:\/\/relaisdulys.fr\/index.php\/wp-json\/wp\/v2\/pages\/12744\/revisions"}],"wp:attachment":[{"href":"https:\/\/relaisdulys.fr\/index.php\/wp-json\/wp\/v2\/media?parent=12744"}],"curies":[{"name":"wp","href":"https:\/\/api.w.org\/{rel}","templated":true}]}}