{"id":12669,"date":"2024-01-03T11:18:19","date_gmt":"2024-01-03T11:18:19","guid":{"rendered":"https:\/\/sampledata.potenzaglobalsolutions.com\/cardealer-el\/?page_id=12669"},"modified":"2024-01-03T11:18:19","modified_gmt":"2024-01-03T11:18:19","slug":"app-buttons","status":"publish","type":"page","link":"https:\/\/relaisdulys.fr\/index.php\/app-buttons\/","title":{"rendered":"App Buttons"},"content":{"rendered":"\t\t<div data-elementor-type=\"wp-page\" data-elementor-id=\"12669\" class=\"elementor elementor-12669\">\n\t\t\t\t<div class=\"elementor-element elementor-element-4b78a84 e-flex e-con-boxed e-con e-parent\" data-id=\"4b78a84\" data-element_type=\"container\">\n\t\t\t\t\t<div class=\"e-con-inner\">\n\t\t<div class=\"elementor-element elementor-element-8c11cbe e-con-full e-flex e-con e-child\" data-id=\"8c11cbe\" data-element_type=\"container\">\n\t\t\t\t<div class=\"elementor-element elementor-element-3fccb1f elementor-widget elementor-widget-image\" data-id=\"3fccb1f\" data-element_type=\"widget\" data-widget_type=\"image.default\">\n\t\t\t\t<div class=\"elementor-widget-container\">\n\t\t\t\t\t\t\t\t\t\t\t\t\t<img fetchpriority=\"high\" decoding=\"async\" width=\"464\" height=\"636\" src=\"https:\/\/relaisdulys.fr\/wp-content\/uploads\/2024\/01\/app-image-demo.png\" class=\"attachment-full size-full wp-image-12672\" alt=\"\" srcset=\"https:\/\/relaisdulys.fr\/wp-content\/uploads\/2024\/01\/app-image-demo.png 464w, https:\/\/relaisdulys.fr\/wp-content\/uploads\/2024\/01\/app-image-demo-219x300.png 219w\" sizes=\"(max-width: 464px) 100vw, 464px\" \/>\t\t\t\t\t\t\t\t\t\t\t\t\t<\/div>\n\t\t\t\t<\/div>\n\t\t\t\t<\/div>\n\t\t<div class=\"elementor-element elementor-element-73f1638 e-con-full e-flex e-con e-child\" data-id=\"73f1638\" data-element_type=\"container\">\n\t\t\t\t<div class=\"elementor-element elementor-element-f111357 elementor-widget elementor-widget-cdhl_section-title\" data-id=\"f111357\" data-element_type=\"widget\" data-widget_type=\"cdhl_section-title.default\">\n\t\t\t\t<div class=\"elementor-widget-container\">\n\t\t\t<div class=\"cdhl_section-title_wrapper\">\n\t<div class=\"section-title text-left style_3\" id=\"f111357\">\n\t\t\t\t\t\t<span class=\"sub-title\">Download App Now<label><\/label><\/span>\n\t\t\t\t<h2 class=\"main-title\">\n\t\t\tDownload Our Car Dealer Application.\t\t<\/h2>\n\t\t\t\t\t<p>Car Dealer is the most enticing, creative, modern and multipurpose auto dealer Premium WordPress Theme.<\/p>\n\t\t\t\t<\/div>\n<\/div>\n\t\t<\/div>\n\t\t\t\t<\/div>\n\t\t\t\t<div class=\"elementor-element elementor-element-7b959df cd-list-new elementor-widget elementor-widget-cdhl_lists\" data-id=\"7b959df\" data-element_type=\"widget\" data-widget_type=\"cdhl_lists.default\">\n\t\t\t\t<div class=\"elementor-widget-container\">\n\t\t\t<div class=\"cdhl_lists_wrapper cd-list-new\">\n\t<ul class=\"list\">\n\t\t\t\t\t\t<li>\n\t\t\t\t\t<svg aria-hidden=\"true\" class=\"e-font-icon-svg e-fas-check\" viewBox=\"0 0 512 512\" xmlns=\"http:\/\/www.w3.org\/2000\/svg\"><path d=\"M173.898 439.404l-166.4-166.4c-9.997-9.997-9.997-26.206 0-36.204l36.203-36.204c9.997-9.998 26.207-9.998 36.204 0L192 312.69 432.095 72.596c9.997-9.997 26.207-9.997 36.204 0l36.203 36.204c9.997 9.997 9.997 26.206 0 36.204l-294.4 294.401c-9.998 9.997-26.207 9.997-36.204-.001z\"><\/path><\/svg>\t\t\t\t\t<span>What maintenance does an electric car need?<\/span>\n\t\t\t\t<\/li>\n\t\t\t\t\t\t\t\t<li>\n\t\t\t\t\t<svg aria-hidden=\"true\" class=\"e-font-icon-svg e-fas-check\" viewBox=\"0 0 512 512\" xmlns=\"http:\/\/www.w3.org\/2000\/svg\"><path d=\"M173.898 439.404l-166.4-166.4c-9.997-9.997-9.997-26.206 0-36.204l36.203-36.204c9.997-9.998 26.207-9.998 36.204 0L192 312.69 432.095 72.596c9.997-9.997 26.207-9.997 36.204 0l36.203 36.204c9.997 9.997 9.997 26.206 0 36.204l-294.4 294.401c-9.998 9.997-26.207 9.997-36.204-.001z\"><\/path><\/svg>\t\t\t\t\t<span>Analyse each tyre for any excess tread wear.<\/span>\n\t\t\t\t<\/li>\n\t\t\t\t\t\t\t\t<li>\n\t\t\t\t\t<svg aria-hidden=\"true\" class=\"e-font-icon-svg e-fas-check\" viewBox=\"0 0 512 512\" xmlns=\"http:\/\/www.w3.org\/2000\/svg\"><path d=\"M173.898 439.404l-166.4-166.4c-9.997-9.997-9.997-26.206 0-36.204l36.203-36.204c9.997-9.998 26.207-9.998 36.204 0L192 312.69 432.095 72.596c9.997-9.997 26.207-9.997 36.204 0l36.203 36.204c9.997 9.997 9.997 26.206 0 36.204l-294.4 294.401c-9.998 9.997-26.207 9.997-36.204-.001z\"><\/path><\/svg>\t\t\t\t\t<span>Access control put an electric vehicle charge.<\/span>\n\t\t\t\t<\/li>\n\t\t\t\t\t<\/ul>\n<\/div>\n\t\t<\/div>\n\t\t\t\t<\/div>\n\t\t\t\t<div class=\"elementor-element elementor-element-9d6d602 elementor-widget elementor-widget-cdhl_app-buttons\" data-id=\"9d6d602\" data-element_type=\"widget\" data-widget_type=\"cdhl_app-buttons.default\">\n\t\t\t\t<div class=\"elementor-widget-container\">\n\t\t\t<div class=\"cdhl_app-buttons_wrapper\">\n\t\t\t<div class=\"cdhl_app_button_label\" style=\"--label_color:#323232\">Download Now On :<\/div>\n\t\t\t<div class=\"cdhl_app_button_items_wrapper\">\n\t\t\t\t\t<div class=\"cdhl_app_button_item\">\n\t\t\t\t<a href=\"https:\/\/codecanyon.net\/item\/car-dealer-native-ios-application-swift\/23637357\" class=\"button pgs_app_btn flat\" style=\"--button_title_color: #fff;--button_bg_color: #db2d2e;--button_title_hover_color: #fff;--button_bg_hover_color: #141414\">\n\t\t\t\t\t<div class=\"cdhl-app-btn-icon\">\n\t\t\t\t\t\t\t\t\t\t\t\t\t<i class=\"fa-brands fa-apple\" aria-hidden=\"true\"><\/i>\n\t\t\t\t\t\t\t\t\t\t\t\t<\/div>\n\t\t\t\t\t<div class=\"cdhl-app-btn-content\">\n\t\t\t\t\t\t<span class=\"cdhl-app-btn-label\">Download on the<\/span>\n\t\t\t\t\t\t<div class=\"cdhl-app-btn-title\">Apple Store<\/div>\n\t\t\t\t\t<\/div>\n\t\t\t\t<\/a>\n\t\t\t<\/div>\n\t\t\t\t\t\t<div class=\"cdhl_app_button_item\">\n\t\t\t\t<a href=\"https:\/\/codecanyon.net\/item\/car-dealer-native-android-application-java\/23637245\" class=\"button pgs_app_btn flat\" style=\"--button_title_color: #fff;--button_bg_color: #141414;--button_title_hover_color: #fff;--button_bg_hover_color: #DB2D2E\">\n\t\t\t\t\t<div class=\"cdhl-app-btn-icon\">\n\t\t\t\t\t\t\t\t\t\t\t\t\t<i class=\"fa-brands fa-google-play\" aria-hidden=\"true\"><\/i>\n\t\t\t\t\t\t\t\t\t\t\t\t<\/div>\n\t\t\t\t\t<div class=\"cdhl-app-btn-content\">\n\t\t\t\t\t\t<span class=\"cdhl-app-btn-label\">Get in on<\/span>\n\t\t\t\t\t\t<div class=\"cdhl-app-btn-title\">Google Play<\/div>\n\t\t\t\t\t<\/div>\n\t\t\t\t<\/a>\n\t\t\t<\/div>\n\t\t\t\t<\/div>\n<\/div>\n\t\t<\/div>\n\t\t\t\t<\/div>\n\t\t\t\t<\/div>\n\t\t\t\t\t<\/div>\n\t\t\t\t<\/div>\n\t\t\t\t<\/div>\n\t\t","protected":false},"excerpt":{"rendered":"<p>Download App Now Download Our Car Dealer Application. Car Dealer is the most enticing, creative, modern and multipurpose auto dealer Premium WordPress Theme. What maintenance does an electric car need? Analyse each tyre for any excess tread wear. Access control put an electric vehicle charge. Download Now On : Download on the Apple Store Get [&hellip;]<\/p>\n","protected":false},"author":1,"featured_media":0,"parent":0,"menu_order":0,"comment_status":"closed","ping_status":"closed","template":"elementor_header_footer","meta":{"_acf_changed":false,"footnotes":""},"class_list":["post-12669","page","type-page","status-publish","hentry"],"acf":[],"yoast_head":"<!-- This site is optimized with the Yoast SEO plugin v24.0 - https:\/\/yoast.com\/wordpress\/plugins\/seo\/ -->\n<title>App Buttons - Le Relais du Lys - V\u00e9hicules premium et sportifs d&#039;occasion - Atelier de r\u00e9paration - D\u00e9pot-vente<\/title>\n<meta name=\"robots\" content=\"index, follow, max-snippet:-1, max-image-preview:large, max-video-preview:-1\" \/>\n<link rel=\"canonical\" href=\"https:\/\/relaisdulys.fr\/index.php\/app-buttons\/\" \/>\n<meta property=\"og:locale\" content=\"fr_FR\" \/>\n<meta property=\"og:type\" content=\"article\" \/>\n<meta property=\"og:title\" content=\"App Buttons - Le Relais du Lys - V\u00e9hicules premium et sportifs d&#039;occasion - Atelier de r\u00e9paration - D\u00e9pot-vente\" \/>\n<meta property=\"og:description\" content=\"Download App Now Download Our Car Dealer Application. Car Dealer is the most enticing, creative, modern and multipurpose auto dealer Premium WordPress Theme. What maintenance does an electric car need? Analyse each tyre for any excess tread wear. Access control put an electric vehicle charge. Download Now On : Download on the Apple Store Get [&hellip;]\" \/>\n<meta property=\"og:url\" content=\"https:\/\/relaisdulys.fr\/index.php\/app-buttons\/\" \/>\n<meta property=\"og:site_name\" content=\"Le Relais du Lys - V\u00e9hicules premium et sportifs d&#039;occasion - Atelier de r\u00e9paration - D\u00e9pot-vente\" \/>\n<meta property=\"article:publisher\" content=\"https:\/\/facebook.com\/lerelaisdulys\" \/>\n<meta property=\"og:image\" content=\"http:\/\/relaisdulys.fr\/wp-content\/uploads\/2024\/01\/app-image-demo.png\" \/>\n<meta name=\"twitter:card\" content=\"summary_large_image\" \/>\n<script type=\"application\/ld+json\" class=\"yoast-schema-graph\">{\"@context\":\"https:\/\/schema.org\",\"@graph\":[{\"@type\":\"WebPage\",\"@id\":\"https:\/\/relaisdulys.fr\/index.php\/app-buttons\/\",\"url\":\"https:\/\/relaisdulys.fr\/index.php\/app-buttons\/\",\"name\":\"App Buttons - Le Relais du Lys - V\u00e9hicules premium et sportifs d&#039;occasion - Atelier de r\u00e9paration - D\u00e9pot-vente\",\"isPartOf\":{\"@id\":\"https:\/\/relaisdulys.fr\/#website\"},\"primaryImageOfPage\":{\"@id\":\"https:\/\/relaisdulys.fr\/index.php\/app-buttons\/#primaryimage\"},\"image\":{\"@id\":\"https:\/\/relaisdulys.fr\/index.php\/app-buttons\/#primaryimage\"},\"thumbnailUrl\":\"http:\/\/relaisdulys.fr\/wp-content\/uploads\/2024\/01\/app-image-demo.png\",\"datePublished\":\"2024-01-03T11:18:19+00:00\",\"dateModified\":\"2024-01-03T11:18:19+00:00\",\"breadcrumb\":{\"@id\":\"https:\/\/relaisdulys.fr\/index.php\/app-buttons\/#breadcrumb\"},\"inLanguage\":\"fr-FR\",\"potentialAction\":[{\"@type\":\"ReadAction\",\"target\":[\"https:\/\/relaisdulys.fr\/index.php\/app-buttons\/\"]}]},{\"@type\":\"ImageObject\",\"inLanguage\":\"fr-FR\",\"@id\":\"https:\/\/relaisdulys.fr\/index.php\/app-buttons\/#primaryimage\",\"url\":\"http:\/\/relaisdulys.fr\/wp-content\/uploads\/2024\/01\/app-image-demo.png\",\"contentUrl\":\"http:\/\/relaisdulys.fr\/wp-content\/uploads\/2024\/01\/app-image-demo.png\"},{\"@type\":\"BreadcrumbList\",\"@id\":\"https:\/\/relaisdulys.fr\/index.php\/app-buttons\/#breadcrumb\",\"itemListElement\":[{\"@type\":\"ListItem\",\"position\":1,\"name\":\"Accueil\",\"item\":\"https:\/\/relaisdulys.fr\/\"},{\"@type\":\"ListItem\",\"position\":2,\"name\":\"App Buttons\"}]},{\"@type\":\"WebSite\",\"@id\":\"https:\/\/relaisdulys.fr\/#website\",\"url\":\"https:\/\/relaisdulys.fr\/\",\"name\":\"Le Relais du Lys - V\u00e9hicules premium et sportifs d'occasion - Atelier de r\u00e9paration - D\u00e9pot-vente\",\"description\":\"Garage Le Relais du Lys \u00e0 proximit\u00e9 de Toulouse - Vente de v\u00e9hicules d&#039;occasion premium et sportifs - Entretien et r\u00e9paration - Achat - D\u00e9p\u00f4t-Vente \u00e0 Saint-Lys\",\"publisher\":{\"@id\":\"https:\/\/relaisdulys.fr\/#organization\"},\"alternateName\":\"Le Relais du Lys - Garage Eurorepar \u00e0 Saint-Lys\",\"potentialAction\":[{\"@type\":\"SearchAction\",\"target\":{\"@type\":\"EntryPoint\",\"urlTemplate\":\"https:\/\/relaisdulys.fr\/?s={search_term_string}\"},\"query-input\":{\"@type\":\"PropertyValueSpecification\",\"valueRequired\":true,\"valueName\":\"search_term_string\"}}],\"inLanguage\":\"fr-FR\"},{\"@type\":\"Organization\",\"@id\":\"https:\/\/relaisdulys.fr\/#organization\",\"name\":\"Le Relais du Lys\",\"url\":\"https:\/\/relaisdulys.fr\/\",\"logo\":{\"@type\":\"ImageObject\",\"inLanguage\":\"fr-FR\",\"@id\":\"https:\/\/relaisdulys.fr\/#\/schema\/logo\/image\/\",\"url\":\"https:\/\/relaisdulys.fr\/wp-content\/uploads\/2021\/07\/relais-du-lys-350-100.png\",\"contentUrl\":\"https:\/\/relaisdulys.fr\/wp-content\/uploads\/2021\/07\/relais-du-lys-350-100.png\",\"width\":350,\"height\":100,\"caption\":\"Le Relais du Lys\"},\"image\":{\"@id\":\"https:\/\/relaisdulys.fr\/#\/schema\/logo\/image\/\"},\"sameAs\":[\"https:\/\/facebook.com\/lerelaisdulys\",\"https:\/\/youtube.com\/@relaisdulys\",\"https:\/\/instagram.com\/relaisdulys\",\"https:\/\/maps.app.goo.gl\/UPLQVadwmRR3DgUbA\"]}]}<\/script>\n<!-- \/ Yoast SEO plugin. -->","yoast_head_json":{"title":"App Buttons - Le Relais du Lys - V\u00e9hicules premium et sportifs d&#039;occasion - Atelier de r\u00e9paration - D\u00e9pot-vente","robots":{"index":"index","follow":"follow","max-snippet":"max-snippet:-1","max-image-preview":"max-image-preview:large","max-video-preview":"max-video-preview:-1"},"canonical":"https:\/\/relaisdulys.fr\/index.php\/app-buttons\/","og_locale":"fr_FR","og_type":"article","og_title":"App Buttons - Le Relais du Lys - V\u00e9hicules premium et sportifs d&#039;occasion - Atelier de r\u00e9paration - D\u00e9pot-vente","og_description":"Download App Now Download Our Car Dealer Application. Car Dealer is the most enticing, creative, modern and multipurpose auto dealer Premium WordPress Theme. What maintenance does an electric car need? Analyse each tyre for any excess tread wear. Access control put an electric vehicle charge. Download Now On : Download on the Apple Store Get [&hellip;]","og_url":"https:\/\/relaisdulys.fr\/index.php\/app-buttons\/","og_site_name":"Le Relais du Lys - V\u00e9hicules premium et sportifs d&#039;occasion - Atelier de r\u00e9paration - D\u00e9pot-vente","article_publisher":"https:\/\/facebook.com\/lerelaisdulys","og_image":[{"url":"http:\/\/relaisdulys.fr\/wp-content\/uploads\/2024\/01\/app-image-demo.png","type":"","width":"","height":""}],"twitter_card":"summary_large_image","schema":{"@context":"https:\/\/schema.org","@graph":[{"@type":"WebPage","@id":"https:\/\/relaisdulys.fr\/index.php\/app-buttons\/","url":"https:\/\/relaisdulys.fr\/index.php\/app-buttons\/","name":"App Buttons - Le Relais du Lys - V\u00e9hicules premium et sportifs d&#039;occasion - Atelier de r\u00e9paration - D\u00e9pot-vente","isPartOf":{"@id":"https:\/\/relaisdulys.fr\/#website"},"primaryImageOfPage":{"@id":"https:\/\/relaisdulys.fr\/index.php\/app-buttons\/#primaryimage"},"image":{"@id":"https:\/\/relaisdulys.fr\/index.php\/app-buttons\/#primaryimage"},"thumbnailUrl":"http:\/\/relaisdulys.fr\/wp-content\/uploads\/2024\/01\/app-image-demo.png","datePublished":"2024-01-03T11:18:19+00:00","dateModified":"2024-01-03T11:18:19+00:00","breadcrumb":{"@id":"https:\/\/relaisdulys.fr\/index.php\/app-buttons\/#breadcrumb"},"inLanguage":"fr-FR","potentialAction":[{"@type":"ReadAction","target":["https:\/\/relaisdulys.fr\/index.php\/app-buttons\/"]}]},{"@type":"ImageObject","inLanguage":"fr-FR","@id":"https:\/\/relaisdulys.fr\/index.php\/app-buttons\/#primaryimage","url":"http:\/\/relaisdulys.fr\/wp-content\/uploads\/2024\/01\/app-image-demo.png","contentUrl":"http:\/\/relaisdulys.fr\/wp-content\/uploads\/2024\/01\/app-image-demo.png"},{"@type":"BreadcrumbList","@id":"https:\/\/relaisdulys.fr\/index.php\/app-buttons\/#breadcrumb","itemListElement":[{"@type":"ListItem","position":1,"name":"Accueil","item":"https:\/\/relaisdulys.fr\/"},{"@type":"ListItem","position":2,"name":"App Buttons"}]},{"@type":"WebSite","@id":"https:\/\/relaisdulys.fr\/#website","url":"https:\/\/relaisdulys.fr\/","name":"Le Relais du Lys - V\u00e9hicules premium et sportifs d'occasion - Atelier de r\u00e9paration - D\u00e9pot-vente","description":"Garage Le Relais du Lys \u00e0 proximit\u00e9 de Toulouse - Vente de v\u00e9hicules d&#039;occasion premium et sportifs - Entretien et r\u00e9paration - Achat - D\u00e9p\u00f4t-Vente \u00e0 Saint-Lys","publisher":{"@id":"https:\/\/relaisdulys.fr\/#organization"},"alternateName":"Le Relais du Lys - Garage Eurorepar \u00e0 Saint-Lys","potentialAction":[{"@type":"SearchAction","target":{"@type":"EntryPoint","urlTemplate":"https:\/\/relaisdulys.fr\/?s={search_term_string}"},"query-input":{"@type":"PropertyValueSpecification","valueRequired":true,"valueName":"search_term_string"}}],"inLanguage":"fr-FR"},{"@type":"Organization","@id":"https:\/\/relaisdulys.fr\/#organization","name":"Le Relais du Lys","url":"https:\/\/relaisdulys.fr\/","logo":{"@type":"ImageObject","inLanguage":"fr-FR","@id":"https:\/\/relaisdulys.fr\/#\/schema\/logo\/image\/","url":"https:\/\/relaisdulys.fr\/wp-content\/uploads\/2021\/07\/relais-du-lys-350-100.png","contentUrl":"https:\/\/relaisdulys.fr\/wp-content\/uploads\/2021\/07\/relais-du-lys-350-100.png","width":350,"height":100,"caption":"Le Relais du Lys"},"image":{"@id":"https:\/\/relaisdulys.fr\/#\/schema\/logo\/image\/"},"sameAs":["https:\/\/facebook.com\/lerelaisdulys","https:\/\/youtube.com\/@relaisdulys","https:\/\/instagram.com\/relaisdulys","https:\/\/maps.app.goo.gl\/UPLQVadwmRR3DgUbA"]}]}},"_links":{"self":[{"href":"https:\/\/relaisdulys.fr\/index.php\/wp-json\/wp\/v2\/pages\/12669","targetHints":{"allow":["GET"]}}],"collection":[{"href":"https:\/\/relaisdulys.fr\/index.php\/wp-json\/wp\/v2\/pages"}],"about":[{"href":"https:\/\/relaisdulys.fr\/index.php\/wp-json\/wp\/v2\/types\/page"}],"author":[{"embeddable":true,"href":"https:\/\/relaisdulys.fr\/index.php\/wp-json\/wp\/v2\/users\/1"}],"replies":[{"embeddable":true,"href":"https:\/\/relaisdulys.fr\/index.php\/wp-json\/wp\/v2\/comments?post=12669"}],"version-history":[{"count":0,"href":"https:\/\/relaisdulys.fr\/index.php\/wp-json\/wp\/v2\/pages\/12669\/revisions"}],"wp:attachment":[{"href":"https:\/\/relaisdulys.fr\/index.php\/wp-json\/wp\/v2\/media?parent=12669"}],"curies":[{"name":"wp","href":"https:\/\/api.w.org\/{rel}","templated":true}]}}