{"id":12625,"date":"2023-12-26T12:46:01","date_gmt":"2023-12-26T12:46:01","guid":{"rendered":"https:\/\/sampledata.potenzaglobalsolutions.com\/cardealer-el\/add-car\/"},"modified":"2023-12-26T12:46:01","modified_gmt":"2023-12-26T12:46:01","slug":"add-car","status":"publish","type":"page","link":"https:\/\/relaisdulys.fr\/index.php\/add-car\/","title":{"rendered":"Add Car"},"content":{"rendered":"<div class=\"cdfs-add-car-page cdfs\">\n\t<div class=\"cdfs-add-car-form-wrapper cdfs-add-car-form-action-add\">\n\n\t\t\n\t\t<form method=\"POST\" enctype=\"multipart\/form-data\" id=\"cdfs_car_form\">\n\n\t\t\t\n\t\t\t\t\t\t<input name=\"cdfs_car_form_action\" class=\"form-control\" value=\"cdfs_add_car\" type=\"hidden\">\n\t\t\t<input type=\"hidden\" id=\"cdfs-car-form-nonce-field\" name=\"cdfs-car-form-nonce-field\" value=\"1779393b32\" \/><input type=\"hidden\" name=\"_wp_http_referer\" value=\"\/index.php\/wp-json\/wp\/v2\/pages\/12625\" \/>\t\t\t<div id=\"cdfs-av-sections\" class=\"cdfs-av-sections\">\n\t\t\t\t<!-- Important Fields -->\n\t\t\t\t<div id=\"important-fields\" class=\"cdfs-av-section cdfs-av-section-important-fields\">\n\t\t\t\t\t<div id=\"car-important-fields-heading\" class=\"cdfs-av-section-heading\"><h4 class=\"cdfs-av-title\">Add Vehicle Details<\/h4><\/div>\n\t\t\t\t\t<div id=\"car-important-fields-content\" class=\"cdfs-av-section-content\">\n\t\t\t\t\t\t<div class=\"cdfs-av-section-content-inner\">\n\t\t\t\t\t\t\t<div class=\"row cdfs-form clearfix\">\n\t\t\t\t\t\t\t<div class=\"col-sm-12\">\n\t\t\t\t\t<div class=\"form-group\">\n\t\t\t\t\t\t<label>\n\t\t\t\t\t\t\t\t\t\t\t\t<\/label>\n\t\t\t\t\t\t\t<input\n\t\t\t\t\t\t\t\tid=\"cdfs-car_title\"\n\t\t\t\t\t\t\t\ttype=\"text\"\n\t\t\t\t\t\t\t\tclass=\"form-control cdfs-car_title  \"\n\t\t\t\t\t\t\t\tdata-name=\"car_title\"\n\t\t\t\t\t\t\t\tname=\"car_data[car_title]\"\n\t\t\t\t\t\t\t\tvalue=\"\"\n\t\t\t\t\t\t\t\tplaceholder=\"Entrer Title\"\n\t\t\t\t\t\t\t\t\t\t\t\t\t\t\t\/>\n\t\t\t\t\t\t\t\t\t\t\t\t\t\t\t<p>If the title is not entered then it will be auto-generated using Year, Make, and Model.<\/p>\n\t\t\t\t\t\t\t\t\t\t\t\t\t<\/div>\n\t\t\t\t<\/div>\n\t\t\t\t\t\t\t\t<div class=\"col-sm-4\">\n\t\t\t\t\t<div class=\"form-group\">\n\t\t\t\t\t\t<label>\n\t\t\t\t\t\tAnn\u00e9e *\t\t\t\t\t\t<\/label>\n\t\t\t\t\t\t\t<input\n\t\t\t\t\t\t\t\tid=\"cdfs-year\"\n\t\t\t\t\t\t\t\ttype=\"number\"\n\t\t\t\t\t\t\t\tclass=\"form-control cdfs-year cdfs_len_limit cdfs-autofill cdhl_validate\"\n\t\t\t\t\t\t\t\tdata-name=\"year\"\n\t\t\t\t\t\t\t\tname=\"car_data[year]\"\n\t\t\t\t\t\t\t\tvalue=\"\"\n\t\t\t\t\t\t\t\tplaceholder=\"Entrer Ann\u00e9e\"\n\t\t\t\t\t\t\t\t min=\"0\" oninput=\"this.value = !!this.value && Math.abs(this.value) >= 0 ? Math.abs(this.value) : null\"\t\t\t\t\t\t\t\/>\n\t\t\t\t\t\t\t\t\t\t\t\t<\/div>\n\t\t\t\t<\/div>\n\t\t\t\t\t\t\t\t<div class=\"col-sm-4\">\n\t\t\t\t\t<div class=\"form-group\">\n\t\t\t\t\t\t<label>\n\t\t\t\t\t\tMarque *\t\t\t\t\t\t<\/label>\n\t\t\t\t\t\t\t<input\n\t\t\t\t\t\t\t\tid=\"cdfs-make\"\n\t\t\t\t\t\t\t\ttype=\"text\"\n\t\t\t\t\t\t\t\tclass=\"form-control cdfs-make cdfs-autofill cdhl_validate\"\n\t\t\t\t\t\t\t\tdata-name=\"make\"\n\t\t\t\t\t\t\t\tname=\"car_data[make]\"\n\t\t\t\t\t\t\t\tvalue=\"\"\n\t\t\t\t\t\t\t\tplaceholder=\"Entrer Marque\"\n\t\t\t\t\t\t\t\t\t\t\t\t\t\t\t\/>\n\t\t\t\t\t\t\t\t\t\t\t\t<\/div>\n\t\t\t\t<\/div>\n\t\t\t\t\t\t\t\t<div class=\"col-sm-4\">\n\t\t\t\t\t<div class=\"form-group\">\n\t\t\t\t\t\t<label>\n\t\t\t\t\t\tMod\u00e8le *\t\t\t\t\t\t<\/label>\n\t\t\t\t\t\t\t<input\n\t\t\t\t\t\t\t\tid=\"cdfs-model\"\n\t\t\t\t\t\t\t\ttype=\"text\"\n\t\t\t\t\t\t\t\tclass=\"form-control cdfs-model  cdhl_validate\"\n\t\t\t\t\t\t\t\tdata-name=\"model\"\n\t\t\t\t\t\t\t\tname=\"car_data[model]\"\n\t\t\t\t\t\t\t\tvalue=\"\"\n\t\t\t\t\t\t\t\tplaceholder=\"Entrer Mod\u00e8le\"\n\t\t\t\t\t\t\t\t\t\t\t\t\t\t\t\/>\n\t\t\t\t\t\t\t\t\t\t\t\t<\/div>\n\t\t\t\t<\/div>\n\t\t\t\t\t\t\t\t<div class=\"col-sm-3\">\n\t\t\t\t\t<div class=\"form-group\">\n\t\t\t\t\t\t<label>\n\t\t\t\t\t\tNum\u00e9ro d&#039;inventaire\t\t\t\t\t\t<\/label>\n\t\t\t\t\t\t\t<input\n\t\t\t\t\t\t\t\tid=\"cdfs-stock_number\"\n\t\t\t\t\t\t\t\ttype=\"number\"\n\t\t\t\t\t\t\t\tclass=\"form-control cdfs-stock_number  \"\n\t\t\t\t\t\t\t\tdata-name=\"stock_number\"\n\t\t\t\t\t\t\t\tname=\"car_data[stock_number]\"\n\t\t\t\t\t\t\t\tvalue=\"\"\n\t\t\t\t\t\t\t\tplaceholder=\"Entrer Num\u00e9ro d&#039;inventaire\"\n\t\t\t\t\t\t\t\t min=\"0\" oninput=\"this.value = !!this.value && Math.abs(this.value) >= 0 ? Math.abs(this.value) : null\"\t\t\t\t\t\t\t\/>\n\t\t\t\t\t\t\t\t\t\t\t\t<\/div>\n\t\t\t\t<\/div>\n\t\t\t\t\t\t\t\t<div class=\"col-sm-3\">\n\t\t\t\t\t<div class=\"form-group\">\n\t\t\t\t\t\t<label>\n\t\t\t\t\t\tNum\u00e9ro VIN\t\t\t\t\t\t<\/label>\n\t\t\t\t\t\t\t<input\n\t\t\t\t\t\t\t\tid=\"cdfs-vin_number\"\n\t\t\t\t\t\t\t\ttype=\"text\"\n\t\t\t\t\t\t\t\tclass=\"form-control cdfs-vin_number  \"\n\t\t\t\t\t\t\t\tdata-name=\"vin_number\"\n\t\t\t\t\t\t\t\tname=\"car_data[vin_number]\"\n\t\t\t\t\t\t\t\tvalue=\"\"\n\t\t\t\t\t\t\t\tplaceholder=\"Entrer Num\u00e9ro VIN\"\n\t\t\t\t\t\t\t\t\t\t\t\t\t\t\t\/>\n\t\t\t\t\t\t\t\t\t\t\t\t<\/div>\n\t\t\t\t<\/div>\n\t\t\t\t\t\t\t\t<div class=\"col-sm-3\">\n\t\t\t\t\t<div class=\"form-group\">\n\t\t\t\t\t\t<label>\n\t\t\t\t\t\tPrix \u200b\u200bhabituel *\t\t\t\t\t\t<\/label>\n\t\t\t\t\t\t\t<input\n\t\t\t\t\t\t\t\tid=\"cdfs-regular_price\"\n\t\t\t\t\t\t\t\ttype=\"number\"\n\t\t\t\t\t\t\t\tclass=\"form-control cdfs-regular_price  cdhl_validate\"\n\t\t\t\t\t\t\t\tdata-name=\"regular_price\"\n\t\t\t\t\t\t\t\tname=\"car_data[regular_price]\"\n\t\t\t\t\t\t\t\tvalue=\"\"\n\t\t\t\t\t\t\t\tplaceholder=\"Entrer Prix \u200b\u200bhabituel\"\n\t\t\t\t\t\t\t\t min=\"0\" oninput=\"this.value = !!this.value && Math.abs(this.value) >= 0 ? Math.abs(this.value) : null\"\t\t\t\t\t\t\t\/>\n\t\t\t\t\t\t\t\t\t\t\t\t<\/div>\n\t\t\t\t<\/div>\n\t\t\t\t\t\t\t\t<div class=\"col-sm-3\">\n\t\t\t\t\t<div class=\"form-group\">\n\t\t\t\t\t\t<label>\n\t\t\t\t\t\tPrix \u200b\u200bde vente\t\t\t\t\t\t<\/label>\n\t\t\t\t\t\t\t<input\n\t\t\t\t\t\t\t\tid=\"cdfs-sale_price\"\n\t\t\t\t\t\t\t\ttype=\"number\"\n\t\t\t\t\t\t\t\tclass=\"form-control cdfs-sale_price  \"\n\t\t\t\t\t\t\t\tdata-name=\"sale_price\"\n\t\t\t\t\t\t\t\tname=\"car_data[sale_price]\"\n\t\t\t\t\t\t\t\tvalue=\"\"\n\t\t\t\t\t\t\t\tplaceholder=\"Entrer Prix \u200b\u200bde vente\"\n\t\t\t\t\t\t\t\t min=\"0\" oninput=\"this.value = !!this.value && Math.abs(this.value) >= 0 ? Math.abs(this.value) : null\"\t\t\t\t\t\t\t\/>\n\t\t\t\t\t\t\t\t\t\t\t\t<\/div>\n\t\t\t\t<\/div>\n\t\t\t\t\t\t\t\t<div class=\"col-sm-3\">\n\t\t\t\t\t<div class=\"form-group\">\n\t\t\t\t\t\t<label>Enable Request Price<\/label>\n\t\t\t\t\t\t\t\t\t\t\t\t\t<div class=\"col-sm-4\">\n\t\t\t\t\t\t\t\t<label>\n\t\t\t\t\t\t\t\t\t<input id=\"cdfs-enable_request_price-1\" class=\"cdfs-radio cdfs-enable_request_price\" name=\"car_data[enable_request_price]\" value=\"1\" type=\"radio\" checked=checked>\n\t\t\t\t\t\t\t\t\tYes\t\t\t\t\t\t\t\t<\/label>\n\t\t\t\t\t\t\t<\/div>\n\t\t\t\t\t\t\t\t\t\t\t\t\t\t<div class=\"col-sm-4\">\n\t\t\t\t\t\t\t\t<label>\n\t\t\t\t\t\t\t\t\t<input id=\"cdfs-enable_request_price-2\" class=\"cdfs-radio cdfs-enable_request_price\" name=\"car_data[enable_request_price]\" value=\"0\" type=\"radio\" checked=checked>\n\t\t\t\t\t\t\t\t\tNo\t\t\t\t\t\t\t\t<\/label>\n\t\t\t\t\t\t\t<\/div>\n\t\t\t\t\t\t\t\t\t\t\t\t<\/div>\n\t\t\t\t<\/div>\n\t\t\t\t\t\t\t\t<div class=\"col-sm-3\">\n\t\t\t\t\t<div class=\"form-group\">\n\t\t\t\t\t\t<label>\n\t\t\t\t\t\tRequest Price Label\t\t\t\t\t\t<\/label>\n\t\t\t\t\t\t\t<input\n\t\t\t\t\t\t\t\tid=\"cdfs-request_price_label\"\n\t\t\t\t\t\t\t\ttype=\"text\"\n\t\t\t\t\t\t\t\tclass=\"form-control cdfs-request_price_label  \"\n\t\t\t\t\t\t\t\tdata-name=\"request_price_label\"\n\t\t\t\t\t\t\t\tname=\"car_data[request_price_label]\"\n\t\t\t\t\t\t\t\tvalue=\"\"\n\t\t\t\t\t\t\t\tplaceholder=\"Entrer Request Price Label\"\n\t\t\t\t\t\t\t\t\t\t\t\t\t\t\t\/>\n\t\t\t\t\t\t\t\t\t\t\t\t<\/div>\n\t\t\t\t<\/div>\n\t\t\t\t<\/div>\n\t\t\t\t\t\t<\/div>\n\t\t\t\t\t<\/div>\n\t\t\t\t<\/div>\n\t\t\t\t\t\t\t\t\t<div id=\"cars-image-gallery\" class=\"cdfs-av-section cdfs-av-section-cars-image-gallery\">\n\t\t\t\t\t\t<div id=\"cars-image-gallery-heading\" class=\"cdfs-av-section-heading\">\n\t\t\t\t\t\t\t<h4 class=\"cdfs-av-title\">Images du v\u00e9hicule<\/h4>\n\t\t\t\t\t\t<\/div>\n\t\t\t\t\t\t<div id=\"cars-image-gallery-content\" class=\"cdfs-av-section-content\">\n\t\t\t\t\t\t\t<div class=\"cdfs-av-section-content-inner\"><div class=\"row\">\n\t<div class=\"col-sm-12\">\n\t\t<div class=\"form-group\">\n\t\t\t<label>Importer des images <span class=\"upload-image-limit\">\n\t\t\t(Upload Limit: <span class=\"upload-image-limit-count\"><\/span>)\t\t\t<\/span><\/label>\n\t\t\t<!-- <input type=\"file\" id=\"car-imgs\" name=\"car_images[]\" class=\"form-control user_picked_files\" multiple \/> -->\n\t\t\t<div class=\"cdfs-image-upload\">\n\t\t\t\t<div class=\"select-file-info\">\n\t\t\t\t\t<div class=\"select-file-icon\"><\/div>\n\t\t\t\t\t<div class=\"select-file-note\">Drag and drop images here, <span>OR<\/span><\/div>\n\t\t\t\t<\/div>\n\t\t\t\t<a href=\"#\" class=\"button select-image\">Choose Files<\/a>\n\t\t\t\t<input type=\"file\" id=\"car-imgs\" name=\"car_images[]\" class=\"form-control user_picked_files\" multiple data-image_size_limit=\"4194304\" \/>\n\t\t\t<\/div>\n\t\t<\/div>\n\t\t<div class=\"cdfs-image-upload-size-limit\">\n\t\tImage Size Limit: 4 Mb (4194304 Bytes)\t\t<\/div>\n\t\t<div class = \"form-group cdfs_order\">\n\t\t\t<input id=\"file_attachments\" name=\"file_attachments\" type=\"hidden\" class=\"form-control file_attachments\"\/>\n\t\t<\/div>\n\t\t<ul class=\"cdfs_uploaded_files\">\n\t\t\t\t\t<\/ul>\n\t<\/div>\n<\/div>\n<\/div>\n\t\t\t\t\t\t<\/div>\n\t\t\t\t\t<\/div>\n\t\t\t\t\t\t\t\t\t\t<div id=\"cars-location\" class=\"cdfs-av-section cdfs-av-section-cars-location\">\n\t\t\t\t\t\t<div id=\"cars-location-heading\" class=\"cdfs-av-section-heading\">\n\t\t\t\t\t\t\t<h4 class=\"cdfs-av-title\">Emplacement du v\u00e9hicule<\/h4>\n\t\t\t\t\t\t<\/div>\n\t\t\t\t\t\t<div id=\"cars-location-content\" class=\"cdfs-av-section-content\">\n\t\t\t\t\t\t\t<div class=\"cdfs-av-section-content-inner\"><div class=\"row\">\n\t<div class=\"col-sm-12\">\n\t\t\t<\/div>\n<\/div>\n<div class=\"row\">\n\t<div class=\"col-sm-12\">\n\t\t<div class=\"form-group\">\n\t\t\t<input\n\t\t\t\tid=\"cdfs-vehicle-location\"\n\t\t\t\ttype=\"text\"\n\t\t\t\tclass=\"form-control cdfs-vehicle-location\"\n\t\t\t\tdata-name=\"vehicle_location\"\n\t\t\t\tname=\"car_data[vehicle_location]\"\n\t\t\t\tvalue=\"\"\n\t\t\t\tplaceholder=\"Entrez l&#039;emplacement du v\u00e9hicule\"\n\t\t\t\/>\n\t\t\t<input type=\"hidden\" class=\"form-control\" name=\"cdfs_lat\" style=\"width: 110px\" id=\"cdfs-lat\" value=\"40.712775\" \/>\n\t\t\t<input type=\"hidden\" class=\"form-control\" name=\"cdfs_lng\" style=\"width: 110px\" id=\"cdfs-lng\" value=\"-74.005973\" \/>\n\t\t\t<div id=\"cdfs-vehicle-location-area\"><\/div>\n\t\t<\/div>\n\t<\/div>\n<\/div>\n\n<\/div>\n\t\t\t\t\t\t<\/div>\n\t\t\t\t\t<\/div>\n\t\t\t\t\t\t\t\t<\/div>\n\t\t\t<div class=\"cdfs-user-account\" style=\"display:none\" >\n\t<div class=\"col-sm-12\">\n\t\t<div class=\"section-left\">\n\t\t\tBienvenue <strong><span id=\"cdfs_user_name\" class=\"dealer-name\"><\/span><\/strong>\n\t\t<\/div>\n\t\t<div class=\"section-right\">\n\t\t\t<a href=\"https:\/\/relaisdulys.fr\/wp-login.php?action=logout&#038;redirect_to=https%3A%2F%2Frelaisdulys.fr%2Findex.php%2Fdealer-login%2F&#038;_wpnonce=4ba3048584\">Connectez - Out?<\/a>\n\t\t<\/div>\n\t<\/div>\n<\/div>\n\n\n\t\t\t\n\t\t<\/form>\n\n\t\t<div class=\"row\">\n\t<div class=\"col-sm-12\">\n\t\t\t\t<div class=\"row\" id=\"cdfs_user_login\">\n\t\t\t<div class=\"col-sm-6\">\n\t\t\t\t<div class=\"cdfs_login\">\n\t\t\t\t\t<h3 class=\"cdfs_login-title\">S&#039;identifier<\/h3>\n\t\t\t\t\t<form class=\"cdfs-form cdfs-form-login cdfs-user-form login\" method=\"post\" id=\"cdfs-form-user-login\">\n\t\t\t\t\t\t\t\t\t\t\t\t<div class=\"cdfs-form-row cdfs-msg\" style=\"display:none\"><\/div>\n\t\t\t\t\t\t<div class=\"cdfs-form-row\">\n\t\t\t\t\t\t\t<label for=\"username\">Nom d&#039;utilisateur ou adresse e-mail <span class=\"required\">*<\/span><\/label>\n\t\t\t\t\t\t\t<div class=\"cdfs-input-wrap\"><input type=\"text\" class=\"cdfs-Input cdhl_validate\" name=\"username\" id=\"username\" value=\"\" \/><\/div>\n\t\t\t\t\t\t<\/div>\n\t\t\t\t\t\t<div class=\"cdfs-form-row\">\n\t\t\t\t\t\t\t<label for=\"password\">Mot de passe <span class=\"required\">*<\/span><\/label>\n\t\t\t\t\t\t\t<div class=\"cdfs-input-wrap\"><input class=\"cdfs-Input cdhl_validate\" type=\"password\" name=\"password\" id=\"password\" \/><\/div>\n\t\t\t\t\t\t<\/div>\n\t\t\t\t\t\t\t\t\t\t\t\t<div class=\"cdfs-form-row\">\n\t\t\t\t\t\t\t<input type=\"hidden\" id=\"cdfs-login-nonce\" name=\"cdfs-login-nonce\" value=\"203fe8744a\" \/><input type=\"hidden\" name=\"_wp_http_referer\" value=\"\/index.php\/wp-json\/wp\/v2\/pages\/12625\" \/>\t\t\t\t\t\t\t<button type=\"submit\" class=\"cdfs-button button\" name=\"login\" value=\"S&#039;identifier\" id=\"form-user-login\">S&#039;identifier<\/button>\n\t\t\t\t\t\t\t<label class=\"cdfs-form__label cdfs-form__label-for-checkbox inline\">\n\t\t\t\t\t\t\t\t<input class=\"cdfs-form_input cdfs-form_input-checkbox\" name=\"rememberme\" type=\"checkbox\" id=\"rememberme\" value=\"forever\" \/> <span>Souviens-toi de moi<\/span>\n\t\t\t\t\t\t\t<\/label>\n\t\t\t\t\t\t<\/div>\n\t\t\t\t\t\t\t\t\t\t\t\t\t<div class=\"cdfs-LostPassword lost_user_password\">\n\t\t\t\t\t\t\t\t<a href=\"https:\/\/relaisdulys.fr\/index.php\/dealer-login\/?cdfs-action=lostpassword\">Mot de passe perdu?<\/a>\n\t\t\t\t\t\t\t<\/div>\n\t\t\t\t\t\t\t\t\t\t\t\t<\/form>\n\t\t\t\t<\/div>\n\t\t\t<\/div><!-- .cdfs_login -->\n\t\t\t<div class=\"col-sm-6\">\n\t\t\t\t<div class=\"cdfs_register\">\n\t\t\t\t\t<h3 class=\"cdfs_login-title\">Registre<\/h3>\n\t\t\t\t\t<form method=\"post\" class=\"register cdfs-user-form\" id=\"cdfs-form-register\">\n\t\t\t\t\t\t\t\t\t\t\t\t<div class=\"cdfs-form-row cdfs-msg\" style=\"display:none\"><\/div>\n\t\t\t\t\t\t<div class=\"cdfs-form-row\">\n\t\t\t\t\t\t\t<label for=\"reg_username\">Nom d&#039;utilisateur <span class=\"required\">*<\/span><\/label>\n\t\t\t\t\t\t\t<div class=\"cdfs-input-wrap\"><input type=\"text\" class=\"cdfs-Input cdhl_validate\" name=\"username\" id=\"reg_username\" value=\"\" \/><\/div>\n\t\t\t\t\t\t<\/div>\n\t\t\t\t\t\t<div class=\"cdfs-form-row\">\n\t\t\t\t\t\t\t<label for=\"reg_email\">Adresse e-mail <span class=\"required\">*<\/span><\/label>\n\t\t\t\t\t\t\t<div class=\"cdfs-input-wrap\"><input type=\"email\" class=\"cdfs-Input cdhl_validate cardealer_mail\" name=\"email\" id=\"reg_email\" value=\"\" \/><\/div>\n\t\t\t\t\t\t<\/div>\n\t\t\t\t\t\t<div class=\"cdfs-form-row\">\n\t\t\t\t\t\t\t<label for=\"reg_password\">Mot de passe <span class=\"required\">*<\/span><\/label>\n\t\t\t\t\t\t\t<div class=\"cdfs-input-wrap\"><input type=\"password\" class=\"cdfs-Input cdhl_validate\" name=\"password\" id=\"reg_password\" \/><\/div>\n\t\t\t\t\t\t<\/div>\n\t\t\t\t\t\t<div class=\"cdfs-form-row\">\n\t\t\t\t\t\t\t<label for=\"reg_user_type\">User Type <span class=\"required\">*<\/span><\/label>\n\t\t\t\t\t\t\t<select name=\"reg_user_type\" id=\"reg_user_type\" class=\"cdhl_validate\">\n\t\t\t\t\t\t\t\t<option value=\"\">Select user type<\/option>\n\t\t\t\t\t\t\t\t\t\t\t\t\t\t\t\t\t<option value=\"user\" >Vendeur<\/option>\n\t\t\t\t\t\t\t\t\t\t\t\t\t\t\t\t\t\t<option value=\"dealer\" >Vendeur<\/option>\n\t\t\t\t\t\t\t\t\t\t\t\t\t\t\t\t<\/select>\n\t\t\t\t\t\t<\/div>\n\t\t\t\t\t\t\t\t\t\t\t\t\n\t\t\t\t\t\t\t\t\t\t\t\t<div class=\"cdfs-form-row\">\n\t\t\t\t\t\t\tYour personal data will be used in mapping with the vehicles you added to the website, to manage access to your account, and for other purposes described in our <a href=\"#\" class=\"cd-policy-terms\" target=\"_blank\">privacy policy<\/a>.\t\t\t\t\t\t<\/div>\n\t\t\t\t\t\t\t\t\t\t\t\t<div class=\"cdfs-form-row\">\n\t\t\t\t\t\t\t<input type=\"hidden\" id=\"cdfs-register-nonce\" name=\"cdfs-register-nonce\" value=\"f7bd1567f6\" \/><input type=\"hidden\" name=\"_wp_http_referer\" value=\"\/index.php\/wp-json\/wp\/v2\/pages\/12625\" \/>\t\t\t\t\t\t\t<button type=\"submit\" id=\"cdfs-form-register-btn\" class=\"cdfs-button button\" name=\"register\" value=\"Registre\">Registre<\/button>\n\t\t\t\t\t\t<\/div>\n\t\t\t\t\t\t\t\t\t\t\t<\/form>\n\t\t\t\t<\/div>\n\t\t\t<\/div><!-- .cdfs_register -->\n\t\t<\/div><!-- .cdfs_user_login -->\n\t\t\t<\/div><!-- .col-sm-12 -->\n<\/div><!-- .row -->\n\n\t\t\n\t<\/div>\n\n\t\t<div class=\"form-group cdfs-submit-car-button\">\n\t\t<button id=\"cdfs-submit-car\" class=\"button btn cdfs-submit-car disabled\" disabled=disabled>Envoyer des d\u00e9tails<\/button>\n\t\t\t<\/div>\n\n<\/div>\n\n","protected":false},"excerpt":{"rendered":"Add Vehicle Details If the title is not entered then it will be auto-generated using Year, Make, and Model. Ann\u00e9e * Marque * Mod\u00e8le * Num\u00e9ro d&#039;inventaire Num\u00e9ro VIN Prix \u200b\u200bhabituel * Prix \u200b\u200bde vente Enable Request Price Yes No Request Price Label Images du v\u00e9hicule Importer des images (Upload Limit: ) Drag and drop [...]","protected":false},"author":1,"featured_media":0,"parent":0,"menu_order":0,"comment_status":"closed","ping_status":"closed","template":"templates\/cardealer-front-submission.php","meta":{"_acf_changed":false,"footnotes":""},"class_list":["post-12625","page","type-page","status-publish","hentry"],"acf":[],"yoast_head":"<!-- This site is optimized with the Yoast SEO plugin v24.0 - https:\/\/yoast.com\/wordpress\/plugins\/seo\/ -->\n<title>Add Car - Le Relais du Lys - V\u00e9hicules premium et sportifs d&#039;occasion - Atelier de r\u00e9paration - D\u00e9pot-vente<\/title>\n<meta name=\"robots\" content=\"index, follow, max-snippet:-1, max-image-preview:large, max-video-preview:-1\" \/>\n<link rel=\"canonical\" href=\"https:\/\/relaisdulys.fr\/index.php\/add-car\/\" \/>\n<meta property=\"og:locale\" content=\"fr_FR\" \/>\n<meta property=\"og:type\" content=\"article\" \/>\n<meta property=\"og:title\" content=\"Add Car - Le Relais du Lys - V\u00e9hicules premium et sportifs d&#039;occasion - Atelier de r\u00e9paration - D\u00e9pot-vente\" \/>\n<meta property=\"og:url\" content=\"https:\/\/relaisdulys.fr\/index.php\/add-car\/\" \/>\n<meta property=\"og:site_name\" content=\"Le Relais du Lys - V\u00e9hicules premium et sportifs d&#039;occasion - Atelier de r\u00e9paration - D\u00e9pot-vente\" \/>\n<meta property=\"article:publisher\" content=\"https:\/\/facebook.com\/lerelaisdulys\" \/>\n<meta name=\"twitter:card\" content=\"summary_large_image\" \/>\n<script type=\"application\/ld+json\" class=\"yoast-schema-graph\">{\"@context\":\"https:\/\/schema.org\",\"@graph\":[{\"@type\":\"WebPage\",\"@id\":\"https:\/\/relaisdulys.fr\/index.php\/add-car\/\",\"url\":\"https:\/\/relaisdulys.fr\/index.php\/add-car\/\",\"name\":\"Add Car - Le Relais du Lys - V\u00e9hicules premium et sportifs d&#039;occasion - Atelier de r\u00e9paration - D\u00e9pot-vente\",\"isPartOf\":{\"@id\":\"https:\/\/relaisdulys.fr\/#website\"},\"datePublished\":\"2023-12-26T12:46:01+00:00\",\"dateModified\":\"2023-12-26T12:46:01+00:00\",\"breadcrumb\":{\"@id\":\"https:\/\/relaisdulys.fr\/index.php\/add-car\/#breadcrumb\"},\"inLanguage\":\"fr-FR\",\"potentialAction\":[{\"@type\":\"ReadAction\",\"target\":[\"https:\/\/relaisdulys.fr\/index.php\/add-car\/\"]}]},{\"@type\":\"BreadcrumbList\",\"@id\":\"https:\/\/relaisdulys.fr\/index.php\/add-car\/#breadcrumb\",\"itemListElement\":[{\"@type\":\"ListItem\",\"position\":1,\"name\":\"Accueil\",\"item\":\"https:\/\/relaisdulys.fr\/\"},{\"@type\":\"ListItem\",\"position\":2,\"name\":\"Add Car\"}]},{\"@type\":\"WebSite\",\"@id\":\"https:\/\/relaisdulys.fr\/#website\",\"url\":\"https:\/\/relaisdulys.fr\/\",\"name\":\"Le Relais du Lys - V\u00e9hicules premium et sportifs d'occasion - Atelier de r\u00e9paration - D\u00e9pot-vente\",\"description\":\"Garage Le Relais du Lys \u00e0 proximit\u00e9 de Toulouse - Vente de v\u00e9hicules d&#039;occasion premium et sportifs - Entretien et r\u00e9paration - Achat - D\u00e9p\u00f4t-Vente \u00e0 Saint-Lys\",\"publisher\":{\"@id\":\"https:\/\/relaisdulys.fr\/#organization\"},\"alternateName\":\"Le Relais du Lys - Garage Eurorepar \u00e0 Saint-Lys\",\"potentialAction\":[{\"@type\":\"SearchAction\",\"target\":{\"@type\":\"EntryPoint\",\"urlTemplate\":\"https:\/\/relaisdulys.fr\/?s={search_term_string}\"},\"query-input\":{\"@type\":\"PropertyValueSpecification\",\"valueRequired\":true,\"valueName\":\"search_term_string\"}}],\"inLanguage\":\"fr-FR\"},{\"@type\":\"Organization\",\"@id\":\"https:\/\/relaisdulys.fr\/#organization\",\"name\":\"Le Relais du Lys\",\"url\":\"https:\/\/relaisdulys.fr\/\",\"logo\":{\"@type\":\"ImageObject\",\"inLanguage\":\"fr-FR\",\"@id\":\"https:\/\/relaisdulys.fr\/#\/schema\/logo\/image\/\",\"url\":\"https:\/\/relaisdulys.fr\/wp-content\/uploads\/2021\/07\/relais-du-lys-350-100.png\",\"contentUrl\":\"https:\/\/relaisdulys.fr\/wp-content\/uploads\/2021\/07\/relais-du-lys-350-100.png\",\"width\":350,\"height\":100,\"caption\":\"Le Relais du Lys\"},\"image\":{\"@id\":\"https:\/\/relaisdulys.fr\/#\/schema\/logo\/image\/\"},\"sameAs\":[\"https:\/\/facebook.com\/lerelaisdulys\",\"https:\/\/youtube.com\/@relaisdulys\",\"https:\/\/instagram.com\/relaisdulys\",\"https:\/\/maps.app.goo.gl\/UPLQVadwmRR3DgUbA\"]}]}<\/script>\n<!-- \/ Yoast SEO plugin. -->","yoast_head_json":{"title":"Add Car - Le Relais du Lys - V\u00e9hicules premium et sportifs d&#039;occasion - Atelier de r\u00e9paration - D\u00e9pot-vente","robots":{"index":"index","follow":"follow","max-snippet":"max-snippet:-1","max-image-preview":"max-image-preview:large","max-video-preview":"max-video-preview:-1"},"canonical":"https:\/\/relaisdulys.fr\/index.php\/add-car\/","og_locale":"fr_FR","og_type":"article","og_title":"Add Car - Le Relais du Lys - V\u00e9hicules premium et sportifs d&#039;occasion - Atelier de r\u00e9paration - D\u00e9pot-vente","og_url":"https:\/\/relaisdulys.fr\/index.php\/add-car\/","og_site_name":"Le Relais du Lys - V\u00e9hicules premium et sportifs d&#039;occasion - Atelier de r\u00e9paration - D\u00e9pot-vente","article_publisher":"https:\/\/facebook.com\/lerelaisdulys","twitter_card":"summary_large_image","schema":{"@context":"https:\/\/schema.org","@graph":[{"@type":"WebPage","@id":"https:\/\/relaisdulys.fr\/index.php\/add-car\/","url":"https:\/\/relaisdulys.fr\/index.php\/add-car\/","name":"Add Car - Le Relais du Lys - V\u00e9hicules premium et sportifs d&#039;occasion - Atelier de r\u00e9paration - D\u00e9pot-vente","isPartOf":{"@id":"https:\/\/relaisdulys.fr\/#website"},"datePublished":"2023-12-26T12:46:01+00:00","dateModified":"2023-12-26T12:46:01+00:00","breadcrumb":{"@id":"https:\/\/relaisdulys.fr\/index.php\/add-car\/#breadcrumb"},"inLanguage":"fr-FR","potentialAction":[{"@type":"ReadAction","target":["https:\/\/relaisdulys.fr\/index.php\/add-car\/"]}]},{"@type":"BreadcrumbList","@id":"https:\/\/relaisdulys.fr\/index.php\/add-car\/#breadcrumb","itemListElement":[{"@type":"ListItem","position":1,"name":"Accueil","item":"https:\/\/relaisdulys.fr\/"},{"@type":"ListItem","position":2,"name":"Add Car"}]},{"@type":"WebSite","@id":"https:\/\/relaisdulys.fr\/#website","url":"https:\/\/relaisdulys.fr\/","name":"Le Relais du Lys - V\u00e9hicules premium et sportifs d'occasion - Atelier de r\u00e9paration - D\u00e9pot-vente","description":"Garage Le Relais du Lys \u00e0 proximit\u00e9 de Toulouse - Vente de v\u00e9hicules d&#039;occasion premium et sportifs - Entretien et r\u00e9paration - Achat - D\u00e9p\u00f4t-Vente \u00e0 Saint-Lys","publisher":{"@id":"https:\/\/relaisdulys.fr\/#organization"},"alternateName":"Le Relais du Lys - Garage Eurorepar \u00e0 Saint-Lys","potentialAction":[{"@type":"SearchAction","target":{"@type":"EntryPoint","urlTemplate":"https:\/\/relaisdulys.fr\/?s={search_term_string}"},"query-input":{"@type":"PropertyValueSpecification","valueRequired":true,"valueName":"search_term_string"}}],"inLanguage":"fr-FR"},{"@type":"Organization","@id":"https:\/\/relaisdulys.fr\/#organization","name":"Le Relais du Lys","url":"https:\/\/relaisdulys.fr\/","logo":{"@type":"ImageObject","inLanguage":"fr-FR","@id":"https:\/\/relaisdulys.fr\/#\/schema\/logo\/image\/","url":"https:\/\/relaisdulys.fr\/wp-content\/uploads\/2021\/07\/relais-du-lys-350-100.png","contentUrl":"https:\/\/relaisdulys.fr\/wp-content\/uploads\/2021\/07\/relais-du-lys-350-100.png","width":350,"height":100,"caption":"Le Relais du Lys"},"image":{"@id":"https:\/\/relaisdulys.fr\/#\/schema\/logo\/image\/"},"sameAs":["https:\/\/facebook.com\/lerelaisdulys","https:\/\/youtube.com\/@relaisdulys","https:\/\/instagram.com\/relaisdulys","https:\/\/maps.app.goo.gl\/UPLQVadwmRR3DgUbA"]}]}},"_links":{"self":[{"href":"https:\/\/relaisdulys.fr\/index.php\/wp-json\/wp\/v2\/pages\/12625","targetHints":{"allow":["GET"]}}],"collection":[{"href":"https:\/\/relaisdulys.fr\/index.php\/wp-json\/wp\/v2\/pages"}],"about":[{"href":"https:\/\/relaisdulys.fr\/index.php\/wp-json\/wp\/v2\/types\/page"}],"author":[{"embeddable":true,"href":"https:\/\/relaisdulys.fr\/index.php\/wp-json\/wp\/v2\/users\/1"}],"replies":[{"embeddable":true,"href":"https:\/\/relaisdulys.fr\/index.php\/wp-json\/wp\/v2\/comments?post=12625"}],"version-history":[{"count":0,"href":"https:\/\/relaisdulys.fr\/index.php\/wp-json\/wp\/v2\/pages\/12625\/revisions"}],"wp:attachment":[{"href":"https:\/\/relaisdulys.fr\/index.php\/wp-json\/wp\/v2\/media?parent=12625"}],"curies":[{"name":"wp","href":"https:\/\/api.w.org\/{rel}","templated":true}]}}