{"id":12624,"date":"2023-12-26T12:46:01","date_gmt":"2023-12-26T12:46:01","guid":{"rendered":"https:\/\/sampledata.potenzaglobalsolutions.com\/cardealer-el\/dealer-login\/"},"modified":"2023-12-26T12:46:01","modified_gmt":"2023-12-26T12:46:01","slug":"dealer-login","status":"publish","type":"page","link":"https:\/\/relaisdulys.fr\/index.php\/dealer-login\/","title":{"rendered":"Dealer Login"},"content":{"rendered":"<div class=\"row\">\n\t<div class=\"col-sm-12\">\n\t\t\t\t<div class=\"row\" id=\"cdfs_user_login\">\n\t\t\t<div class=\"col-sm-6\">\n\t\t\t\t<div class=\"cdfs_login\">\n\t\t\t\t\t<h3 class=\"cdfs_login-title\">S&#039;identifier<\/h3>\n\t\t\t\t\t<form class=\"cdfs-form cdfs-form-login cdfs-user-form login\" method=\"post\" id=\"cdfs-form-user-login\">\n\t\t\t\t\t\t\t\t\t\t\t\t<div class=\"cdfs-form-row cdfs-msg\" style=\"display:none\"><\/div>\n\t\t\t\t\t\t<div class=\"cdfs-form-row\">\n\t\t\t\t\t\t\t<label for=\"username\">Nom d&#039;utilisateur ou adresse e-mail <span class=\"required\">*<\/span><\/label>\n\t\t\t\t\t\t\t<div class=\"cdfs-input-wrap\"><input type=\"text\" class=\"cdfs-Input cdhl_validate\" name=\"username\" id=\"username\" value=\"\" \/><\/div>\n\t\t\t\t\t\t<\/div>\n\t\t\t\t\t\t<div class=\"cdfs-form-row\">\n\t\t\t\t\t\t\t<label for=\"password\">Mot de passe <span class=\"required\">*<\/span><\/label>\n\t\t\t\t\t\t\t<div class=\"cdfs-input-wrap\"><input class=\"cdfs-Input cdhl_validate\" type=\"password\" name=\"password\" id=\"password\" \/><\/div>\n\t\t\t\t\t\t<\/div>\n\t\t\t\t\t\t\t\t\t\t\t\t<div class=\"cdfs-form-row\">\n\t\t\t\t\t\t\t<input type=\"hidden\" id=\"cdfs-login-nonce\" name=\"cdfs-login-nonce\" value=\"203fe8744a\" \/><input type=\"hidden\" name=\"_wp_http_referer\" value=\"\/index.php\/wp-json\/wp\/v2\/pages\/12624\" \/>\t\t\t\t\t\t\t<button type=\"submit\" class=\"cdfs-button button\" name=\"login\" value=\"S&#039;identifier\" id=\"form-user-login\">S&#039;identifier<\/button>\n\t\t\t\t\t\t\t<label class=\"cdfs-form__label cdfs-form__label-for-checkbox inline\">\n\t\t\t\t\t\t\t\t<input class=\"cdfs-form_input cdfs-form_input-checkbox\" name=\"rememberme\" type=\"checkbox\" id=\"rememberme\" value=\"forever\" \/> <span>Souviens-toi de moi<\/span>\n\t\t\t\t\t\t\t<\/label>\n\t\t\t\t\t\t<\/div>\n\t\t\t\t\t\t\t\t\t\t\t\t\t<div class=\"cdfs-LostPassword lost_user_password\">\n\t\t\t\t\t\t\t\t<a href=\"https:\/\/relaisdulys.fr\/index.php\/dealer-login\/?cdfs-action=lostpassword\">Mot de passe perdu?<\/a>\n\t\t\t\t\t\t\t<\/div>\n\t\t\t\t\t\t\t\t\t\t\t\t<\/form>\n\t\t\t\t<\/div>\n\t\t\t<\/div><!-- .cdfs_login -->\n\t\t\t<div class=\"col-sm-6\">\n\t\t\t\t<div class=\"cdfs_register\">\n\t\t\t\t\t<h3 class=\"cdfs_login-title\">Registre<\/h3>\n\t\t\t\t\t<form method=\"post\" class=\"register cdfs-user-form\" id=\"cdfs-form-register\">\n\t\t\t\t\t\t\t\t\t\t\t\t<div class=\"cdfs-form-row cdfs-msg\" style=\"display:none\"><\/div>\n\t\t\t\t\t\t<div class=\"cdfs-form-row\">\n\t\t\t\t\t\t\t<label for=\"reg_username\">Nom d&#039;utilisateur <span class=\"required\">*<\/span><\/label>\n\t\t\t\t\t\t\t<div class=\"cdfs-input-wrap\"><input type=\"text\" class=\"cdfs-Input cdhl_validate\" name=\"username\" id=\"reg_username\" value=\"\" \/><\/div>\n\t\t\t\t\t\t<\/div>\n\t\t\t\t\t\t<div class=\"cdfs-form-row\">\n\t\t\t\t\t\t\t<label for=\"reg_email\">Adresse e-mail <span class=\"required\">*<\/span><\/label>\n\t\t\t\t\t\t\t<div class=\"cdfs-input-wrap\"><input type=\"email\" class=\"cdfs-Input cdhl_validate cardealer_mail\" name=\"email\" id=\"reg_email\" value=\"\" \/><\/div>\n\t\t\t\t\t\t<\/div>\n\t\t\t\t\t\t<div class=\"cdfs-form-row\">\n\t\t\t\t\t\t\t<label for=\"reg_password\">Mot de passe <span class=\"required\">*<\/span><\/label>\n\t\t\t\t\t\t\t<div class=\"cdfs-input-wrap\"><input type=\"password\" class=\"cdfs-Input cdhl_validate\" name=\"password\" id=\"reg_password\" \/><\/div>\n\t\t\t\t\t\t<\/div>\n\t\t\t\t\t\t<div class=\"cdfs-form-row\">\n\t\t\t\t\t\t\t<label for=\"reg_user_type\">User Type <span class=\"required\">*<\/span><\/label>\n\t\t\t\t\t\t\t<select name=\"reg_user_type\" id=\"reg_user_type\" class=\"cdhl_validate\">\n\t\t\t\t\t\t\t\t<option value=\"\">Select user type<\/option>\n\t\t\t\t\t\t\t\t\t\t\t\t\t\t\t\t\t<option value=\"user\" >Vendeur<\/option>\n\t\t\t\t\t\t\t\t\t\t\t\t\t\t\t\t\t\t<option value=\"dealer\" >Vendeur<\/option>\n\t\t\t\t\t\t\t\t\t\t\t\t\t\t\t\t<\/select>\n\t\t\t\t\t\t<\/div>\n\t\t\t\t\t\t\t\t\t\t\t\t\n\t\t\t\t\t\t\t\t\t\t\t\t<div class=\"cdfs-form-row\">\n\t\t\t\t\t\t\tYour personal data will be used in mapping with the vehicles you added to the website, to manage access to your account, and for other purposes described in our <a href=\"#\" class=\"cd-policy-terms\" target=\"_blank\">privacy policy<\/a>.\t\t\t\t\t\t<\/div>\n\t\t\t\t\t\t\t\t\t\t\t\t<div class=\"cdfs-form-row\">\n\t\t\t\t\t\t\t<input type=\"hidden\" id=\"cdfs-register-nonce\" name=\"cdfs-register-nonce\" value=\"f7bd1567f6\" \/><input type=\"hidden\" name=\"_wp_http_referer\" value=\"\/index.php\/wp-json\/wp\/v2\/pages\/12624\" \/>\t\t\t\t\t\t\t<button type=\"submit\" id=\"cdfs-form-register-btn\" class=\"cdfs-button button\" name=\"register\" value=\"Registre\">Registre<\/button>\n\t\t\t\t\t\t<\/div>\n\t\t\t\t\t\t\t\t\t\t\t<\/form>\n\t\t\t\t<\/div>\n\t\t\t<\/div><!-- .cdfs_register -->\n\t\t<\/div><!-- .cdfs_user_login -->\n\t\t\t<\/div><!-- .col-sm-12 -->\n<\/div><!-- .row -->\n\n","protected":false},"excerpt":{"rendered":"S&#039;identifier Nom d&#039;utilisateur ou adresse e-mail * Mot de passe * S&#039;identifier Souviens-toi de moi Mot de passe perdu? Registre Nom d&#039;utilisateur * Adresse e-mail * Mot de passe * User Type * Select user type Vendeur Vendeur Your personal data will be used in mapping with the vehicles you added to the website, to [...]","protected":false},"author":1,"featured_media":0,"parent":0,"menu_order":0,"comment_status":"closed","ping_status":"closed","template":"templates\/cardealer-front-submission.php","meta":{"_acf_changed":false,"footnotes":""},"class_list":["post-12624","page","type-page","status-publish","hentry"],"acf":[],"yoast_head":"<!-- This site is optimized with the Yoast SEO plugin v24.0 - https:\/\/yoast.com\/wordpress\/plugins\/seo\/ -->\n<title>Dealer Login - Le Relais du Lys - V\u00e9hicules premium et sportifs d&#039;occasion - Atelier de r\u00e9paration - D\u00e9pot-vente<\/title>\n<meta name=\"robots\" content=\"index, follow, max-snippet:-1, max-image-preview:large, max-video-preview:-1\" \/>\n<link rel=\"canonical\" href=\"https:\/\/relaisdulys.fr\/index.php\/dealer-login\/\" \/>\n<meta property=\"og:locale\" content=\"fr_FR\" \/>\n<meta property=\"og:type\" content=\"article\" \/>\n<meta property=\"og:title\" content=\"Dealer Login - Le Relais du Lys - V\u00e9hicules premium et sportifs d&#039;occasion - Atelier de r\u00e9paration - D\u00e9pot-vente\" \/>\n<meta property=\"og:url\" content=\"https:\/\/relaisdulys.fr\/index.php\/dealer-login\/\" \/>\n<meta property=\"og:site_name\" content=\"Le Relais du Lys - V\u00e9hicules premium et sportifs d&#039;occasion - Atelier de r\u00e9paration - D\u00e9pot-vente\" \/>\n<meta property=\"article:publisher\" content=\"https:\/\/facebook.com\/lerelaisdulys\" \/>\n<meta name=\"twitter:card\" content=\"summary_large_image\" \/>\n<script type=\"application\/ld+json\" class=\"yoast-schema-graph\">{\"@context\":\"https:\/\/schema.org\",\"@graph\":[{\"@type\":\"WebPage\",\"@id\":\"https:\/\/relaisdulys.fr\/index.php\/dealer-login\/\",\"url\":\"https:\/\/relaisdulys.fr\/index.php\/dealer-login\/\",\"name\":\"Dealer Login - Le Relais du Lys - V\u00e9hicules premium et sportifs d&#039;occasion - Atelier de r\u00e9paration - D\u00e9pot-vente\",\"isPartOf\":{\"@id\":\"https:\/\/relaisdulys.fr\/#website\"},\"datePublished\":\"2023-12-26T12:46:01+00:00\",\"dateModified\":\"2023-12-26T12:46:01+00:00\",\"breadcrumb\":{\"@id\":\"https:\/\/relaisdulys.fr\/index.php\/dealer-login\/#breadcrumb\"},\"inLanguage\":\"fr-FR\",\"potentialAction\":[{\"@type\":\"ReadAction\",\"target\":[\"https:\/\/relaisdulys.fr\/index.php\/dealer-login\/\"]}]},{\"@type\":\"BreadcrumbList\",\"@id\":\"https:\/\/relaisdulys.fr\/index.php\/dealer-login\/#breadcrumb\",\"itemListElement\":[{\"@type\":\"ListItem\",\"position\":1,\"name\":\"Accueil\",\"item\":\"https:\/\/relaisdulys.fr\/\"},{\"@type\":\"ListItem\",\"position\":2,\"name\":\"Dealer Login\"}]},{\"@type\":\"WebSite\",\"@id\":\"https:\/\/relaisdulys.fr\/#website\",\"url\":\"https:\/\/relaisdulys.fr\/\",\"name\":\"Le Relais du Lys - V\u00e9hicules premium et sportifs d'occasion - Atelier de r\u00e9paration - D\u00e9pot-vente\",\"description\":\"Garage Le Relais du Lys \u00e0 proximit\u00e9 de Toulouse - Vente de v\u00e9hicules d&#039;occasion premium et sportifs - Entretien et r\u00e9paration - Achat - D\u00e9p\u00f4t-Vente \u00e0 Saint-Lys\",\"publisher\":{\"@id\":\"https:\/\/relaisdulys.fr\/#organization\"},\"alternateName\":\"Le Relais du Lys - Garage Eurorepar \u00e0 Saint-Lys\",\"potentialAction\":[{\"@type\":\"SearchAction\",\"target\":{\"@type\":\"EntryPoint\",\"urlTemplate\":\"https:\/\/relaisdulys.fr\/?s={search_term_string}\"},\"query-input\":{\"@type\":\"PropertyValueSpecification\",\"valueRequired\":true,\"valueName\":\"search_term_string\"}}],\"inLanguage\":\"fr-FR\"},{\"@type\":\"Organization\",\"@id\":\"https:\/\/relaisdulys.fr\/#organization\",\"name\":\"Le Relais du Lys\",\"url\":\"https:\/\/relaisdulys.fr\/\",\"logo\":{\"@type\":\"ImageObject\",\"inLanguage\":\"fr-FR\",\"@id\":\"https:\/\/relaisdulys.fr\/#\/schema\/logo\/image\/\",\"url\":\"https:\/\/relaisdulys.fr\/wp-content\/uploads\/2021\/07\/relais-du-lys-350-100.png\",\"contentUrl\":\"https:\/\/relaisdulys.fr\/wp-content\/uploads\/2021\/07\/relais-du-lys-350-100.png\",\"width\":350,\"height\":100,\"caption\":\"Le Relais du Lys\"},\"image\":{\"@id\":\"https:\/\/relaisdulys.fr\/#\/schema\/logo\/image\/\"},\"sameAs\":[\"https:\/\/facebook.com\/lerelaisdulys\",\"https:\/\/youtube.com\/@relaisdulys\",\"https:\/\/instagram.com\/relaisdulys\",\"https:\/\/maps.app.goo.gl\/UPLQVadwmRR3DgUbA\"]}]}<\/script>\n<!-- \/ Yoast SEO plugin. -->","yoast_head_json":{"title":"Dealer Login - Le Relais du Lys - V\u00e9hicules premium et sportifs d&#039;occasion - Atelier de r\u00e9paration - D\u00e9pot-vente","robots":{"index":"index","follow":"follow","max-snippet":"max-snippet:-1","max-image-preview":"max-image-preview:large","max-video-preview":"max-video-preview:-1"},"canonical":"https:\/\/relaisdulys.fr\/index.php\/dealer-login\/","og_locale":"fr_FR","og_type":"article","og_title":"Dealer Login - Le Relais du Lys - V\u00e9hicules premium et sportifs d&#039;occasion - Atelier de r\u00e9paration - D\u00e9pot-vente","og_url":"https:\/\/relaisdulys.fr\/index.php\/dealer-login\/","og_site_name":"Le Relais du Lys - V\u00e9hicules premium et sportifs d&#039;occasion - Atelier de r\u00e9paration - D\u00e9pot-vente","article_publisher":"https:\/\/facebook.com\/lerelaisdulys","twitter_card":"summary_large_image","schema":{"@context":"https:\/\/schema.org","@graph":[{"@type":"WebPage","@id":"https:\/\/relaisdulys.fr\/index.php\/dealer-login\/","url":"https:\/\/relaisdulys.fr\/index.php\/dealer-login\/","name":"Dealer Login - Le Relais du Lys - V\u00e9hicules premium et sportifs d&#039;occasion - Atelier de r\u00e9paration - D\u00e9pot-vente","isPartOf":{"@id":"https:\/\/relaisdulys.fr\/#website"},"datePublished":"2023-12-26T12:46:01+00:00","dateModified":"2023-12-26T12:46:01+00:00","breadcrumb":{"@id":"https:\/\/relaisdulys.fr\/index.php\/dealer-login\/#breadcrumb"},"inLanguage":"fr-FR","potentialAction":[{"@type":"ReadAction","target":["https:\/\/relaisdulys.fr\/index.php\/dealer-login\/"]}]},{"@type":"BreadcrumbList","@id":"https:\/\/relaisdulys.fr\/index.php\/dealer-login\/#breadcrumb","itemListElement":[{"@type":"ListItem","position":1,"name":"Accueil","item":"https:\/\/relaisdulys.fr\/"},{"@type":"ListItem","position":2,"name":"Dealer Login"}]},{"@type":"WebSite","@id":"https:\/\/relaisdulys.fr\/#website","url":"https:\/\/relaisdulys.fr\/","name":"Le Relais du Lys - V\u00e9hicules premium et sportifs d'occasion - Atelier de r\u00e9paration - D\u00e9pot-vente","description":"Garage Le Relais du Lys \u00e0 proximit\u00e9 de Toulouse - Vente de v\u00e9hicules d&#039;occasion premium et sportifs - Entretien et r\u00e9paration - Achat - D\u00e9p\u00f4t-Vente \u00e0 Saint-Lys","publisher":{"@id":"https:\/\/relaisdulys.fr\/#organization"},"alternateName":"Le Relais du Lys - Garage Eurorepar \u00e0 Saint-Lys","potentialAction":[{"@type":"SearchAction","target":{"@type":"EntryPoint","urlTemplate":"https:\/\/relaisdulys.fr\/?s={search_term_string}"},"query-input":{"@type":"PropertyValueSpecification","valueRequired":true,"valueName":"search_term_string"}}],"inLanguage":"fr-FR"},{"@type":"Organization","@id":"https:\/\/relaisdulys.fr\/#organization","name":"Le Relais du Lys","url":"https:\/\/relaisdulys.fr\/","logo":{"@type":"ImageObject","inLanguage":"fr-FR","@id":"https:\/\/relaisdulys.fr\/#\/schema\/logo\/image\/","url":"https:\/\/relaisdulys.fr\/wp-content\/uploads\/2021\/07\/relais-du-lys-350-100.png","contentUrl":"https:\/\/relaisdulys.fr\/wp-content\/uploads\/2021\/07\/relais-du-lys-350-100.png","width":350,"height":100,"caption":"Le Relais du Lys"},"image":{"@id":"https:\/\/relaisdulys.fr\/#\/schema\/logo\/image\/"},"sameAs":["https:\/\/facebook.com\/lerelaisdulys","https:\/\/youtube.com\/@relaisdulys","https:\/\/instagram.com\/relaisdulys","https:\/\/maps.app.goo.gl\/UPLQVadwmRR3DgUbA"]}]}},"_links":{"self":[{"href":"https:\/\/relaisdulys.fr\/index.php\/wp-json\/wp\/v2\/pages\/12624","targetHints":{"allow":["GET"]}}],"collection":[{"href":"https:\/\/relaisdulys.fr\/index.php\/wp-json\/wp\/v2\/pages"}],"about":[{"href":"https:\/\/relaisdulys.fr\/index.php\/wp-json\/wp\/v2\/types\/page"}],"author":[{"embeddable":true,"href":"https:\/\/relaisdulys.fr\/index.php\/wp-json\/wp\/v2\/users\/1"}],"replies":[{"embeddable":true,"href":"https:\/\/relaisdulys.fr\/index.php\/wp-json\/wp\/v2\/comments?post=12624"}],"version-history":[{"count":0,"href":"https:\/\/relaisdulys.fr\/index.php\/wp-json\/wp\/v2\/pages\/12624\/revisions"}],"wp:attachment":[{"href":"https:\/\/relaisdulys.fr\/index.php\/wp-json\/wp\/v2\/media?parent=12624"}],"curies":[{"name":"wp","href":"https:\/\/api.w.org\/{rel}","templated":true}]}}