{"id":11557,"date":"2021-09-02T08:08:06","date_gmt":"2021-09-02T08:08:06","guid":{"rendered":"http:\/\/localhost\/cardealer\/?page_id=11557"},"modified":"2021-09-02T08:08:06","modified_gmt":"2021-09-02T08:08:06","slug":"newsletter","status":"publish","type":"page","link":"https:\/\/relaisdulys.fr\/index.php\/newsletter\/","title":{"rendered":"Newsletter"},"content":{"rendered":"\t\t<div data-elementor-type=\"wp-page\" data-elementor-id=\"11557\" class=\"elementor elementor-11557\">\n\t\t\t\t\t\t<section class=\"elementor-section elementor-top-section elementor-element elementor-element-46496545 elementor-section-boxed elementor-section-height-default elementor-section-height-default\" data-id=\"46496545\" data-element_type=\"section\">\n\t\t\t\t\t\t<div class=\"elementor-container elementor-column-gap-default\">\n\t\t\t\t\t<div class=\"elementor-column elementor-col-100 elementor-top-column elementor-element elementor-element-3176d2d8\" data-id=\"3176d2d8\" data-element_type=\"column\">\n\t\t\t<div class=\"elementor-widget-wrap elementor-element-populated\">\n\t\t\t\t\t\t<div class=\"elementor-element elementor-element-6ef03e5b elementor-widget elementor-widget-cdhl_section-title\" data-id=\"6ef03e5b\" data-element_type=\"widget\" data-widget_type=\"cdhl_section-title.default\">\n\t\t\t\t<div class=\"elementor-widget-container\">\n\t\t\t<div class=\"cdhl_section-title_wrapper\">\n\t<div class=\"section-title text-center style_1\" id=\"6ef03e5b\">\n\t\t\t<span class=\"sub-title\"><\/span>\n\t\t<h2 class=\"main-title\">\n\t\t\tNewsletter Light\t\t<\/h2>\n\t\t\t\t\t<div class=\"separator\"><\/div>\n\t\t\t\t<\/div>\n<\/div>\n\t\t<\/div>\n\t\t\t\t<\/div>\n\t\t\t\t\t<\/div>\n\t\t<\/div>\n\t\t\t\t\t<\/div>\n\t\t<\/section>\n\t\t\t\t<section class=\"elementor-section elementor-top-section elementor-element elementor-element-373d5e27 elementor-section-boxed elementor-section-height-default elementor-section-height-default\" data-id=\"373d5e27\" data-element_type=\"section\" data-settings=\"{&quot;background_background&quot;:&quot;classic&quot;}\">\n\t\t\t\t\t\t<div class=\"elementor-container elementor-column-gap-default\">\n\t\t\t\t\t<div class=\"elementor-column elementor-col-100 elementor-top-column elementor-element elementor-element-20738c02\" data-id=\"20738c02\" data-element_type=\"column\">\n\t\t\t<div class=\"elementor-widget-wrap elementor-element-populated\">\n\t\t\t\t\t\t<div class=\"elementor-element elementor-element-42bf67ee elementor-widget elementor-widget-cdhl_newsletter\" data-id=\"42bf67ee\" data-element_type=\"widget\" data-widget_type=\"cdhl_newsletter.default\">\n\t\t\t\t<div class=\"elementor-widget-container\">\n\t\t\t<div class=\"cdhl_newsletter_wrapper\">\n\t<div class=\"news-letter row news-letter-main bg-1 bg-overlay-black-70 newsletter-color-light style-1\">\n\t\t\t\t\t<div class=\"col-lg-6 col-md-6 col-sm-6\">\n\t\t\t\t\t\t\t<h4 class=\"text-red\">Subscribe to our newsletter feed<\/h4>\n\t\t\t\t\t\t\t\t<p class=\"text-white\">Obcaecati adipisci vero dolorum pariatur aut consectetur. lorem ipsum dolor sit amet, consectetur adipisicing elit.<\/p>\n\t\t\t\t\t\t\t<\/div>\n\t\t\t<div class=\"col-lg-6 col-md-6 col-sm-6\">\n\t\t\t\t<form class=\"news-letter-form mailchimp-newsletter-form\" data-api_source=\"default\" data-api_key=\"qJjdJXcZzNbHsRIRmZYzIgPjnqO3U7H6B7qnrcNqAVNqX90AUZz+Rf6Ukrrx0MISnj6sjLcSOL6h4v4NtFDX0w==\" data-list_id=\"Y0pQ+fJLrdr69ydgLZgxpjNDEjRnFS+VV7RaTyKRg+dut1Z+S0GI+9LeIy0q1U91mhxhDkl4jnPYQeojOWdgLw==\" id=\"pgs-newsletter-widget-42bf67ee\">\n\t\t\t\t\t<div class=\"row no-gutter\">\n\t\t\t\t\t\t<input type=\"hidden\" name=\"mailchimp_nonce\" class=\"mailchimp-nonce\" value=\"26f24d1fa6\">\n\t\t\t\t\t\t<div class=\"col-lg-10 col-md-10 col-sm-10 col-xs-10\">\n\t\t\t\t\t\t\t<input type=\"email\" class=\"placeholder form-control newsletter-email\" name=\"newsletter_email\" placeholder=\"Entrer votre Email\">\n\t\t\t\t\t\t<\/div>\n\t\t\t\t\t\t<div class=\"col-lg-2 col-md-2 col-sm-2 col-xs-2\">\n\t\t\t\t\t\t\t<a class=\"button red newsletter-mailchimp submit\" href=\"#\" data-form-id=\"pgs-newsletter-widget-42bf67ee\">Souscrire<\/a>\n\t\t\t\t\t\t<\/div><br>\n\t\t\t\t\t\t<span class=\"newsletter-spinner spinimg-pgs-newsletter-widget-42bf67ee\"><span class=\"cd-loader hidden\"><\/span><\/span>\n\t\t\t\t\t\t<p class=\"newsletter-msg\" style=\"display:none;\"><\/p>\n\t\t\t\t\t<\/div>\n\t\t\t\t<\/form>\n\t\t\t<\/div>\n\t\t\t<\/div>\n<\/div>\n\t\t<\/div>\n\t\t\t\t<\/div>\n\t\t\t\t\t<\/div>\n\t\t<\/div>\n\t\t\t\t\t<\/div>\n\t\t<\/section>\n\t\t\t\t<section class=\"elementor-section elementor-top-section elementor-element elementor-element-5e330d16 elementor-section-boxed elementor-section-height-default elementor-section-height-default\" data-id=\"5e330d16\" data-element_type=\"section\">\n\t\t\t\t\t\t<div class=\"elementor-container elementor-column-gap-default\">\n\t\t\t\t\t<div class=\"elementor-column elementor-col-100 elementor-top-column elementor-element elementor-element-315eb772\" data-id=\"315eb772\" data-element_type=\"column\">\n\t\t\t<div class=\"elementor-widget-wrap elementor-element-populated\">\n\t\t\t\t\t\t<div class=\"elementor-element elementor-element-3dd747f6 elementor-widget elementor-widget-cdhl_section-title\" data-id=\"3dd747f6\" data-element_type=\"widget\" data-widget_type=\"cdhl_section-title.default\">\n\t\t\t\t<div class=\"elementor-widget-container\">\n\t\t\t<div class=\"cdhl_section-title_wrapper\">\n\t<div class=\"section-title text-center style_1\" id=\"3dd747f6\">\n\t\t\t<span class=\"sub-title\"><\/span>\n\t\t<h2 class=\"main-title\">\n\t\t\tNewsletter Dark\t\t<\/h2>\n\t\t\t\t\t<div class=\"separator\"><\/div>\n\t\t\t\t<\/div>\n<\/div>\n\t\t<\/div>\n\t\t\t\t<\/div>\n\t\t\t\t\t<\/div>\n\t\t<\/div>\n\t\t\t\t\t<\/div>\n\t\t<\/section>\n\t\t\t\t<section class=\"elementor-section elementor-top-section elementor-element elementor-element-6a7b8656 elementor-section-boxed elementor-section-height-default elementor-section-height-default\" data-id=\"6a7b8656\" data-element_type=\"section\" data-settings=\"{&quot;background_background&quot;:&quot;classic&quot;}\">\n\t\t\t\t\t\t<div class=\"elementor-container elementor-column-gap-default\">\n\t\t\t\t\t<div class=\"elementor-column elementor-col-100 elementor-top-column elementor-element elementor-element-72ebe669\" data-id=\"72ebe669\" data-element_type=\"column\">\n\t\t\t<div class=\"elementor-widget-wrap elementor-element-populated\">\n\t\t\t\t\t\t<div class=\"elementor-element elementor-element-142c2083 elementor-widget elementor-widget-cdhl_newsletter\" data-id=\"142c2083\" data-element_type=\"widget\" data-widget_type=\"cdhl_newsletter.default\">\n\t\t\t\t<div class=\"elementor-widget-container\">\n\t\t\t<div class=\"cdhl_newsletter_wrapper\">\n\t<div class=\"news-letter row news-letter-main bg-1 bg-overlay-black-70 newsletter-color-dark style-1\">\n\t\t\t\t\t<div class=\"col-lg-6 col-md-6 col-sm-6\">\n\t\t\t\t\t\t\t<h4 class=\"text-red\">Subscribe to our newsletter feed<\/h4>\n\t\t\t\t\t\t\t\t<p class=\"text-white\">Obcaecati adipisci vero dolorum pariatur aut consectetur. lorem ipsum dolor sit amet, consectetur adipisicing elit.<\/p>\n\t\t\t\t\t\t\t<\/div>\n\t\t\t<div class=\"col-lg-6 col-md-6 col-sm-6\">\n\t\t\t\t<form class=\"news-letter-form mailchimp-newsletter-form\" data-api_source=\"default\" data-api_key=\"Rv6eH+oFCM2\/1BcOrdO7vEmVbwQ3Ytv15b39Ms+qr7JXXv\/TY+6v+6wni77ZJ7ct7bsLliEdJTJoa8tqDSsJHQ==\" data-list_id=\"cD2GYXGd7j0uHPNfBDPLLNxYUsL\/10RVzbxfvzOXIfdS+82IGrRSrtxQNN7kerfclPnsZLZMl0f3iUhNwFIJcQ==\" id=\"pgs-newsletter-widget-142c2083\">\n\t\t\t\t\t<div class=\"row no-gutter\">\n\t\t\t\t\t\t<input type=\"hidden\" name=\"mailchimp_nonce\" class=\"mailchimp-nonce\" value=\"26f24d1fa6\">\n\t\t\t\t\t\t<div class=\"col-lg-10 col-md-10 col-sm-10 col-xs-10\">\n\t\t\t\t\t\t\t<input type=\"email\" class=\"placeholder form-control newsletter-email\" name=\"newsletter_email\" placeholder=\"Entrer votre Email\">\n\t\t\t\t\t\t<\/div>\n\t\t\t\t\t\t<div class=\"col-lg-2 col-md-2 col-sm-2 col-xs-2\">\n\t\t\t\t\t\t\t<a class=\"button red newsletter-mailchimp submit\" href=\"#\" data-form-id=\"pgs-newsletter-widget-142c2083\">Souscrire<\/a>\n\t\t\t\t\t\t<\/div><br>\n\t\t\t\t\t\t<span class=\"newsletter-spinner spinimg-pgs-newsletter-widget-142c2083\"><span class=\"cd-loader hidden\"><\/span><\/span>\n\t\t\t\t\t\t<p class=\"newsletter-msg\" style=\"display:none;\"><\/p>\n\t\t\t\t\t<\/div>\n\t\t\t\t<\/form>\n\t\t\t<\/div>\n\t\t\t<\/div>\n<\/div>\n\t\t<\/div>\n\t\t\t\t<\/div>\n\t\t\t\t\t<\/div>\n\t\t<\/div>\n\t\t\t\t\t<\/div>\n\t\t<\/section>\n\t\t\t\t<\/div>\n\t\t","protected":false},"excerpt":{"rendered":"<p>Newsletter Light Subscribe to our newsletter feed Obcaecati adipisci vero dolorum pariatur aut consectetur. lorem ipsum dolor sit amet, consectetur adipisicing elit. Subscribe Newsletter Dark Subscribe to our newsletter feed Obcaecati adipisci vero dolorum pariatur aut consectetur. lorem ipsum dolor sit amet, consectetur adipisicing elit. Subscribe<\/p>\n","protected":false},"author":1,"featured_media":0,"parent":0,"menu_order":0,"comment_status":"closed","ping_status":"closed","template":"templates\/cadealer-elementor-full-width.php","meta":{"_acf_changed":false,"footnotes":""},"class_list":["post-11557","page","type-page","status-publish","hentry"],"acf":[],"yoast_head":"<!-- This site is optimized with the Yoast SEO plugin v24.0 - https:\/\/yoast.com\/wordpress\/plugins\/seo\/ -->\n<title>Newsletter - Le Relais du Lys - V\u00e9hicules premium et sportifs d&#039;occasion - Atelier de r\u00e9paration - D\u00e9pot-vente<\/title>\n<meta name=\"robots\" content=\"index, follow, max-snippet:-1, max-image-preview:large, max-video-preview:-1\" \/>\n<link rel=\"canonical\" href=\"https:\/\/relaisdulys.fr\/index.php\/newsletter\/\" \/>\n<meta property=\"og:locale\" content=\"fr_FR\" \/>\n<meta property=\"og:type\" content=\"article\" \/>\n<meta property=\"og:title\" content=\"Newsletter - Le Relais du Lys - V\u00e9hicules premium et sportifs d&#039;occasion - Atelier de r\u00e9paration - D\u00e9pot-vente\" \/>\n<meta property=\"og:description\" content=\"Newsletter Light Subscribe to our newsletter feed Obcaecati adipisci vero dolorum pariatur aut consectetur. lorem ipsum dolor sit amet, consectetur adipisicing elit. Subscribe Newsletter Dark Subscribe to our newsletter feed Obcaecati adipisci vero dolorum pariatur aut consectetur. lorem ipsum dolor sit amet, consectetur adipisicing elit. Subscribe\" \/>\n<meta property=\"og:url\" content=\"https:\/\/relaisdulys.fr\/index.php\/newsletter\/\" \/>\n<meta property=\"og:site_name\" content=\"Le Relais du Lys - V\u00e9hicules premium et sportifs d&#039;occasion - Atelier de r\u00e9paration - D\u00e9pot-vente\" \/>\n<meta property=\"article:publisher\" content=\"https:\/\/facebook.com\/lerelaisdulys\" \/>\n<meta name=\"twitter:card\" content=\"summary_large_image\" \/>\n<script type=\"application\/ld+json\" class=\"yoast-schema-graph\">{\"@context\":\"https:\/\/schema.org\",\"@graph\":[{\"@type\":\"WebPage\",\"@id\":\"https:\/\/relaisdulys.fr\/index.php\/newsletter\/\",\"url\":\"https:\/\/relaisdulys.fr\/index.php\/newsletter\/\",\"name\":\"Newsletter - Le Relais du Lys - V\u00e9hicules premium et sportifs d&#039;occasion - Atelier de r\u00e9paration - D\u00e9pot-vente\",\"isPartOf\":{\"@id\":\"https:\/\/relaisdulys.fr\/#website\"},\"datePublished\":\"2021-09-02T08:08:06+00:00\",\"dateModified\":\"2021-09-02T08:08:06+00:00\",\"breadcrumb\":{\"@id\":\"https:\/\/relaisdulys.fr\/index.php\/newsletter\/#breadcrumb\"},\"inLanguage\":\"fr-FR\",\"potentialAction\":[{\"@type\":\"ReadAction\",\"target\":[\"https:\/\/relaisdulys.fr\/index.php\/newsletter\/\"]}]},{\"@type\":\"BreadcrumbList\",\"@id\":\"https:\/\/relaisdulys.fr\/index.php\/newsletter\/#breadcrumb\",\"itemListElement\":[{\"@type\":\"ListItem\",\"position\":1,\"name\":\"Accueil\",\"item\":\"https:\/\/relaisdulys.fr\/\"},{\"@type\":\"ListItem\",\"position\":2,\"name\":\"Newsletter\"}]},{\"@type\":\"WebSite\",\"@id\":\"https:\/\/relaisdulys.fr\/#website\",\"url\":\"https:\/\/relaisdulys.fr\/\",\"name\":\"Le Relais du Lys - V\u00e9hicules premium et sportifs d'occasion - Atelier de r\u00e9paration - D\u00e9pot-vente\",\"description\":\"Garage Le Relais du Lys \u00e0 proximit\u00e9 de Toulouse - Vente de v\u00e9hicules d&#039;occasion premium et sportifs - Entretien et r\u00e9paration - Achat - D\u00e9p\u00f4t-Vente \u00e0 Saint-Lys\",\"publisher\":{\"@id\":\"https:\/\/relaisdulys.fr\/#organization\"},\"alternateName\":\"Le Relais du Lys - Garage Eurorepar \u00e0 Saint-Lys\",\"potentialAction\":[{\"@type\":\"SearchAction\",\"target\":{\"@type\":\"EntryPoint\",\"urlTemplate\":\"https:\/\/relaisdulys.fr\/?s={search_term_string}\"},\"query-input\":{\"@type\":\"PropertyValueSpecification\",\"valueRequired\":true,\"valueName\":\"search_term_string\"}}],\"inLanguage\":\"fr-FR\"},{\"@type\":\"Organization\",\"@id\":\"https:\/\/relaisdulys.fr\/#organization\",\"name\":\"Le Relais du Lys\",\"url\":\"https:\/\/relaisdulys.fr\/\",\"logo\":{\"@type\":\"ImageObject\",\"inLanguage\":\"fr-FR\",\"@id\":\"https:\/\/relaisdulys.fr\/#\/schema\/logo\/image\/\",\"url\":\"https:\/\/relaisdulys.fr\/wp-content\/uploads\/2021\/07\/relais-du-lys-350-100.png\",\"contentUrl\":\"https:\/\/relaisdulys.fr\/wp-content\/uploads\/2021\/07\/relais-du-lys-350-100.png\",\"width\":350,\"height\":100,\"caption\":\"Le Relais du Lys\"},\"image\":{\"@id\":\"https:\/\/relaisdulys.fr\/#\/schema\/logo\/image\/\"},\"sameAs\":[\"https:\/\/facebook.com\/lerelaisdulys\",\"https:\/\/youtube.com\/@relaisdulys\",\"https:\/\/instagram.com\/relaisdulys\",\"https:\/\/maps.app.goo.gl\/UPLQVadwmRR3DgUbA\"]}]}<\/script>\n<!-- \/ Yoast SEO plugin. -->","yoast_head_json":{"title":"Newsletter - Le Relais du Lys - V\u00e9hicules premium et sportifs d&#039;occasion - Atelier de r\u00e9paration - D\u00e9pot-vente","robots":{"index":"index","follow":"follow","max-snippet":"max-snippet:-1","max-image-preview":"max-image-preview:large","max-video-preview":"max-video-preview:-1"},"canonical":"https:\/\/relaisdulys.fr\/index.php\/newsletter\/","og_locale":"fr_FR","og_type":"article","og_title":"Newsletter - Le Relais du Lys - V\u00e9hicules premium et sportifs d&#039;occasion - Atelier de r\u00e9paration - D\u00e9pot-vente","og_description":"Newsletter Light Subscribe to our newsletter feed Obcaecati adipisci vero dolorum pariatur aut consectetur. lorem ipsum dolor sit amet, consectetur adipisicing elit. Subscribe Newsletter Dark Subscribe to our newsletter feed Obcaecati adipisci vero dolorum pariatur aut consectetur. lorem ipsum dolor sit amet, consectetur adipisicing elit. Subscribe","og_url":"https:\/\/relaisdulys.fr\/index.php\/newsletter\/","og_site_name":"Le Relais du Lys - V\u00e9hicules premium et sportifs d&#039;occasion - Atelier de r\u00e9paration - D\u00e9pot-vente","article_publisher":"https:\/\/facebook.com\/lerelaisdulys","twitter_card":"summary_large_image","schema":{"@context":"https:\/\/schema.org","@graph":[{"@type":"WebPage","@id":"https:\/\/relaisdulys.fr\/index.php\/newsletter\/","url":"https:\/\/relaisdulys.fr\/index.php\/newsletter\/","name":"Newsletter - Le Relais du Lys - V\u00e9hicules premium et sportifs d&#039;occasion - Atelier de r\u00e9paration - D\u00e9pot-vente","isPartOf":{"@id":"https:\/\/relaisdulys.fr\/#website"},"datePublished":"2021-09-02T08:08:06+00:00","dateModified":"2021-09-02T08:08:06+00:00","breadcrumb":{"@id":"https:\/\/relaisdulys.fr\/index.php\/newsletter\/#breadcrumb"},"inLanguage":"fr-FR","potentialAction":[{"@type":"ReadAction","target":["https:\/\/relaisdulys.fr\/index.php\/newsletter\/"]}]},{"@type":"BreadcrumbList","@id":"https:\/\/relaisdulys.fr\/index.php\/newsletter\/#breadcrumb","itemListElement":[{"@type":"ListItem","position":1,"name":"Accueil","item":"https:\/\/relaisdulys.fr\/"},{"@type":"ListItem","position":2,"name":"Newsletter"}]},{"@type":"WebSite","@id":"https:\/\/relaisdulys.fr\/#website","url":"https:\/\/relaisdulys.fr\/","name":"Le Relais du Lys - V\u00e9hicules premium et sportifs d'occasion - Atelier de r\u00e9paration - D\u00e9pot-vente","description":"Garage Le Relais du Lys \u00e0 proximit\u00e9 de Toulouse - Vente de v\u00e9hicules d&#039;occasion premium et sportifs - Entretien et r\u00e9paration - Achat - D\u00e9p\u00f4t-Vente \u00e0 Saint-Lys","publisher":{"@id":"https:\/\/relaisdulys.fr\/#organization"},"alternateName":"Le Relais du Lys - Garage Eurorepar \u00e0 Saint-Lys","potentialAction":[{"@type":"SearchAction","target":{"@type":"EntryPoint","urlTemplate":"https:\/\/relaisdulys.fr\/?s={search_term_string}"},"query-input":{"@type":"PropertyValueSpecification","valueRequired":true,"valueName":"search_term_string"}}],"inLanguage":"fr-FR"},{"@type":"Organization","@id":"https:\/\/relaisdulys.fr\/#organization","name":"Le Relais du Lys","url":"https:\/\/relaisdulys.fr\/","logo":{"@type":"ImageObject","inLanguage":"fr-FR","@id":"https:\/\/relaisdulys.fr\/#\/schema\/logo\/image\/","url":"https:\/\/relaisdulys.fr\/wp-content\/uploads\/2021\/07\/relais-du-lys-350-100.png","contentUrl":"https:\/\/relaisdulys.fr\/wp-content\/uploads\/2021\/07\/relais-du-lys-350-100.png","width":350,"height":100,"caption":"Le Relais du Lys"},"image":{"@id":"https:\/\/relaisdulys.fr\/#\/schema\/logo\/image\/"},"sameAs":["https:\/\/facebook.com\/lerelaisdulys","https:\/\/youtube.com\/@relaisdulys","https:\/\/instagram.com\/relaisdulys","https:\/\/maps.app.goo.gl\/UPLQVadwmRR3DgUbA"]}]}},"_links":{"self":[{"href":"https:\/\/relaisdulys.fr\/index.php\/wp-json\/wp\/v2\/pages\/11557","targetHints":{"allow":["GET"]}}],"collection":[{"href":"https:\/\/relaisdulys.fr\/index.php\/wp-json\/wp\/v2\/pages"}],"about":[{"href":"https:\/\/relaisdulys.fr\/index.php\/wp-json\/wp\/v2\/types\/page"}],"author":[{"embeddable":true,"href":"https:\/\/relaisdulys.fr\/index.php\/wp-json\/wp\/v2\/users\/1"}],"replies":[{"embeddable":true,"href":"https:\/\/relaisdulys.fr\/index.php\/wp-json\/wp\/v2\/comments?post=11557"}],"version-history":[{"count":0,"href":"https:\/\/relaisdulys.fr\/index.php\/wp-json\/wp\/v2\/pages\/11557\/revisions"}],"wp:attachment":[{"href":"https:\/\/relaisdulys.fr\/index.php\/wp-json\/wp\/v2\/media?parent=11557"}],"curies":[{"name":"wp","href":"https:\/\/api.w.org\/{rel}","templated":true}]}}