{"id":11491,"date":"2021-09-02T07:11:39","date_gmt":"2021-09-02T07:11:39","guid":{"rendered":"http:\/\/localhost\/cardealer\/?page_id=11491"},"modified":"2021-09-02T07:11:39","modified_gmt":"2021-09-02T07:11:39","slug":"image-slider","status":"publish","type":"page","link":"https:\/\/relaisdulys.fr\/index.php\/image-slider\/","title":{"rendered":"Image Slider"},"content":{"rendered":"\t\t<div data-elementor-type=\"wp-page\" data-elementor-id=\"11491\" class=\"elementor elementor-11491\">\n\t\t\t\t\t\t<section class=\"elementor-section elementor-top-section elementor-element elementor-element-27adc1f2 elementor-section-stretched elementor-section-boxed elementor-section-height-default elementor-section-height-default\" data-id=\"27adc1f2\" data-element_type=\"section\" data-settings=\"{&quot;stretch_section&quot;:&quot;section-stretched&quot;}\">\n\t\t\t\t\t\t<div class=\"elementor-container elementor-column-gap-default\">\n\t\t\t\t\t<div class=\"elementor-column elementor-col-50 elementor-top-column elementor-element elementor-element-4961af5c\" data-id=\"4961af5c\" data-element_type=\"column\">\n\t\t\t<div class=\"elementor-widget-wrap elementor-element-populated\">\n\t\t\t\t\t\t<div class=\"elementor-element elementor-element-17b5ff88 elementor-widget elementor-widget-cdhl_section-title\" data-id=\"17b5ff88\" data-element_type=\"widget\" data-widget_type=\"cdhl_section-title.default\">\n\t\t\t\t<div class=\"elementor-widget-container\">\n\t\t\t<div class=\"cdhl_section-title_wrapper\">\n\t<div class=\"section-title text-left style_1\" id=\"17b5ff88\">\n\t\t\t<span class=\"sub-title\"><\/span>\n\t\t<h4 class=\"main-title\">\n\t\t\tImage slider with navigation arrow\t\t<\/h4>\n\t\t\t\t\t<div class=\"separator\"><\/div>\n\t\t\t\t<\/div>\n<\/div>\n\t\t<\/div>\n\t\t\t\t<\/div>\n\t\t\t\t<div class=\"elementor-element elementor-element-25946540 elementor-widget elementor-widget-cdhl_image-slider\" data-id=\"25946540\" data-element_type=\"widget\" data-widget_type=\"cdhl_image-slider.default\">\n\t\t\t\t<div class=\"elementor-widget-container\">\n\t\t\t<div class=\"cdhl_image-slider_wrapper\">\n\t<div class=\"owl-carousel\" data-nav-arrow=\"true\" data-nav-dots=\"false\" data-autoplay=\"false\" data-lazyload=\"1\" data-loop=\"false\" data-items=\"1\" data-md-items=\"1\" data-sm-items=\"1\" data-xs-items=\"1\" >\n\t\t\t\t\t\t<div class=\"item\">\n\t\t\t\t\t\t\t\t\t\t\t<img decoding=\"async\" class=\"center-block cardealer-lazy-load\" src=\"https:\/\/relaisdulys.fr\/wp-content\/plugins\/\/cardealer-helper-library\/images\/loader.gif\" data-src=\"https:\/\/relaisdulys.fr\/wp-content\/uploads\/2021\/07\/placeholder_640x320.jpg\" alt=\"\">\n\t\t\t\t\t\t\t\t\t\t<\/div>\n\t\t\t\t\t\t\t\t<div class=\"item\">\n\t\t\t\t\t\t\t\t\t\t\t<img decoding=\"async\" class=\"center-block cardealer-lazy-load\" src=\"https:\/\/relaisdulys.fr\/wp-content\/plugins\/\/cardealer-helper-library\/images\/loader.gif\" data-src=\"https:\/\/relaisdulys.fr\/wp-content\/uploads\/2021\/07\/placeholder_640x320.jpg\" alt=\"\">\n\t\t\t\t\t\t\t\t\t\t<\/div>\n\t\t\t\t\t\t\t\t<div class=\"item\">\n\t\t\t\t\t\t\t\t\t\t\t<img decoding=\"async\" class=\"center-block cardealer-lazy-load\" src=\"https:\/\/relaisdulys.fr\/wp-content\/plugins\/\/cardealer-helper-library\/images\/loader.gif\" data-src=\"https:\/\/relaisdulys.fr\/wp-content\/uploads\/2021\/07\/placeholder_640x320.jpg\" alt=\"\">\n\t\t\t\t\t\t\t\t\t\t<\/div>\n\t\t\t\t\t<\/div>\n<\/div>\n\t\t<\/div>\n\t\t\t\t<\/div>\n\t\t\t\t\t<\/div>\n\t\t<\/div>\n\t\t\t\t<div class=\"elementor-column elementor-col-50 elementor-top-column elementor-element elementor-element-4ed38cd3\" data-id=\"4ed38cd3\" data-element_type=\"column\">\n\t\t\t<div class=\"elementor-widget-wrap elementor-element-populated\">\n\t\t\t\t\t\t<div class=\"elementor-element elementor-element-96e6319 elementor-widget elementor-widget-cdhl_section-title\" data-id=\"96e6319\" data-element_type=\"widget\" data-widget_type=\"cdhl_section-title.default\">\n\t\t\t\t<div class=\"elementor-widget-container\">\n\t\t\t<div class=\"cdhl_section-title_wrapper\">\n\t<div class=\"section-title text-left style_1\" id=\"96e6319\">\n\t\t\t<span class=\"sub-title\"><\/span>\n\t\t<h4 class=\"main-title\">\n\t\t\tImage slider with navigation dots\t\t<\/h4>\n\t\t\t\t\t<div class=\"separator\"><\/div>\n\t\t\t\t<\/div>\n<\/div>\n\t\t<\/div>\n\t\t\t\t<\/div>\n\t\t\t\t<div class=\"elementor-element elementor-element-52f3638d elementor-widget elementor-widget-cdhl_image-slider\" data-id=\"52f3638d\" data-element_type=\"widget\" data-widget_type=\"cdhl_image-slider.default\">\n\t\t\t\t<div class=\"elementor-widget-container\">\n\t\t\t<div class=\"cdhl_image-slider_wrapper\">\n\t<div class=\"owl-carousel\" data-nav-arrow=\"false\" data-nav-dots=\"true\" data-autoplay=\"false\" data-lazyload=\"1\" data-loop=\"true\" data-items=\"1\" data-md-items=\"1\" data-sm-items=\"1\" data-xs-items=\"1\" >\n\t\t\t\t\t\t<div class=\"item\">\n\t\t\t\t\t\t\t\t\t\t\t<img decoding=\"async\" class=\"center-block cardealer-lazy-load owl-lazy\" src=\"https:\/\/relaisdulys.fr\/wp-content\/plugins\/\/cardealer-helper-library\/images\/loader.gif\" data-src=\"https:\/\/relaisdulys.fr\/wp-content\/uploads\/2021\/07\/placeholder_640x320.jpg\" alt=\"\">\n\t\t\t\t\t\t\t\t\t\t<\/div>\n\t\t\t\t\t\t\t\t<div class=\"item\">\n\t\t\t\t\t\t\t\t\t\t\t<img decoding=\"async\" class=\"center-block cardealer-lazy-load owl-lazy\" src=\"https:\/\/relaisdulys.fr\/wp-content\/plugins\/\/cardealer-helper-library\/images\/loader.gif\" data-src=\"https:\/\/relaisdulys.fr\/wp-content\/uploads\/2021\/07\/placeholder_640x320.jpg\" alt=\"\">\n\t\t\t\t\t\t\t\t\t\t<\/div>\n\t\t\t\t\t\t\t\t<div class=\"item\">\n\t\t\t\t\t\t\t\t\t\t\t<img decoding=\"async\" class=\"center-block cardealer-lazy-load owl-lazy\" src=\"https:\/\/relaisdulys.fr\/wp-content\/plugins\/\/cardealer-helper-library\/images\/loader.gif\" data-src=\"https:\/\/relaisdulys.fr\/wp-content\/uploads\/2021\/07\/placeholder_640x320.jpg\" alt=\"\">\n\t\t\t\t\t\t\t\t\t\t<\/div>\n\t\t\t\t\t<\/div>\n<\/div>\n\t\t<\/div>\n\t\t\t\t<\/div>\n\t\t\t\t\t<\/div>\n\t\t<\/div>\n\t\t\t\t\t<\/div>\n\t\t<\/section>\n\t\t\t\t<section class=\"elementor-section elementor-top-section elementor-element elementor-element-17a21086 elementor-section-stretched elementor-section-boxed elementor-section-height-default elementor-section-height-default\" data-id=\"17a21086\" data-element_type=\"section\" data-settings=\"{&quot;stretch_section&quot;:&quot;section-stretched&quot;}\">\n\t\t\t\t\t\t<div class=\"elementor-container elementor-column-gap-default\">\n\t\t\t\t\t<div class=\"elementor-column elementor-col-50 elementor-top-column elementor-element elementor-element-1d2e90a0\" data-id=\"1d2e90a0\" data-element_type=\"column\">\n\t\t\t<div class=\"elementor-widget-wrap elementor-element-populated\">\n\t\t\t\t\t\t<div class=\"elementor-element elementor-element-131323a5 elementor-widget elementor-widget-cdhl_section-title\" data-id=\"131323a5\" data-element_type=\"widget\" data-widget_type=\"cdhl_section-title.default\">\n\t\t\t\t<div class=\"elementor-widget-container\">\n\t\t\t<div class=\"cdhl_section-title_wrapper\">\n\t<div class=\"section-title text-left style_1\" id=\"131323a5\">\n\t\t\t<span class=\"sub-title\"><\/span>\n\t\t<h4 class=\"main-title\">\n\t\t\tAutoplay Image slider\t\t<\/h4>\n\t\t\t\t\t<div class=\"separator\"><\/div>\n\t\t\t\t<\/div>\n<\/div>\n\t\t<\/div>\n\t\t\t\t<\/div>\n\t\t\t\t<div class=\"elementor-element elementor-element-19044e3f elementor-widget elementor-widget-cdhl_image-slider\" data-id=\"19044e3f\" data-element_type=\"widget\" data-widget_type=\"cdhl_image-slider.default\">\n\t\t\t\t<div class=\"elementor-widget-container\">\n\t\t\t<div class=\"cdhl_image-slider_wrapper\">\n\t<div class=\"owl-carousel\" data-nav-arrow=\"false\" data-nav-dots=\"false\" data-autoplay=\"true\" data-lazyload=\"1\" data-loop=\"false\" data-items=\"1\" data-md-items=\"1\" data-sm-items=\"1\" data-xs-items=\"1\" >\n\t\t\t\t\t\t<div class=\"item\">\n\t\t\t\t\t\t\t\t\t\t\t<img decoding=\"async\" class=\"center-block cardealer-lazy-load\" src=\"https:\/\/relaisdulys.fr\/wp-content\/plugins\/\/cardealer-helper-library\/images\/loader.gif\" data-src=\"https:\/\/relaisdulys.fr\/wp-content\/uploads\/2021\/07\/placeholder_640x320.jpg\" alt=\"\">\n\t\t\t\t\t\t\t\t\t\t<\/div>\n\t\t\t\t\t\t\t\t<div class=\"item\">\n\t\t\t\t\t\t\t\t\t\t\t<img decoding=\"async\" class=\"center-block cardealer-lazy-load\" src=\"https:\/\/relaisdulys.fr\/wp-content\/plugins\/\/cardealer-helper-library\/images\/loader.gif\" data-src=\"https:\/\/relaisdulys.fr\/wp-content\/uploads\/2021\/07\/placeholder_640x320.jpg\" alt=\"\">\n\t\t\t\t\t\t\t\t\t\t<\/div>\n\t\t\t\t\t\t\t\t<div class=\"item\">\n\t\t\t\t\t\t\t\t\t\t\t<img decoding=\"async\" class=\"center-block cardealer-lazy-load\" src=\"https:\/\/relaisdulys.fr\/wp-content\/plugins\/\/cardealer-helper-library\/images\/loader.gif\" data-src=\"https:\/\/relaisdulys.fr\/wp-content\/uploads\/2021\/07\/placeholder_640x320.jpg\" alt=\"\">\n\t\t\t\t\t\t\t\t\t\t<\/div>\n\t\t\t\t\t<\/div>\n<\/div>\n\t\t<\/div>\n\t\t\t\t<\/div>\n\t\t\t\t\t<\/div>\n\t\t<\/div>\n\t\t\t\t<div class=\"elementor-column elementor-col-50 elementor-top-column elementor-element elementor-element-22f57185\" data-id=\"22f57185\" data-element_type=\"column\">\n\t\t\t<div class=\"elementor-widget-wrap elementor-element-populated\">\n\t\t\t\t\t\t<div class=\"elementor-element elementor-element-7a43cd4b elementor-widget elementor-widget-cdhl_section-title\" data-id=\"7a43cd4b\" data-element_type=\"widget\" data-widget_type=\"cdhl_section-title.default\">\n\t\t\t\t<div class=\"elementor-widget-container\">\n\t\t\t<div class=\"cdhl_section-title_wrapper\">\n\t<div class=\"section-title text-left style_1\" id=\"7a43cd4b\">\n\t\t\t<span class=\"sub-title\"><\/span>\n\t\t<h4 class=\"main-title\">\n\t\t\tLoop Image slider\t\t<\/h4>\n\t\t\t\t\t<div class=\"separator\"><\/div>\n\t\t\t\t<\/div>\n<\/div>\n\t\t<\/div>\n\t\t\t\t<\/div>\n\t\t\t\t<div class=\"elementor-element elementor-element-7628b887 elementor-widget elementor-widget-cdhl_image-slider\" data-id=\"7628b887\" data-element_type=\"widget\" data-widget_type=\"cdhl_image-slider.default\">\n\t\t\t\t<div class=\"elementor-widget-container\">\n\t\t\t<div class=\"cdhl_image-slider_wrapper\">\n\t<div class=\"owl-carousel\" data-nav-arrow=\"false\" data-nav-dots=\"false\" data-autoplay=\"false\" data-lazyload=\"1\" data-loop=\"true\" data-items=\"1\" data-md-items=\"1\" data-sm-items=\"1\" data-xs-items=\"1\" >\n\t\t\t\t\t\t<div class=\"item\">\n\t\t\t\t\t\t\t\t\t\t\t<img decoding=\"async\" class=\"center-block cardealer-lazy-load owl-lazy\" src=\"https:\/\/relaisdulys.fr\/wp-content\/plugins\/\/cardealer-helper-library\/images\/loader.gif\" data-src=\"https:\/\/relaisdulys.fr\/wp-content\/uploads\/2021\/07\/placeholder_640x320.jpg\" alt=\"\">\n\t\t\t\t\t\t\t\t\t\t<\/div>\n\t\t\t\t\t\t\t\t<div class=\"item\">\n\t\t\t\t\t\t\t\t\t\t\t<img decoding=\"async\" class=\"center-block cardealer-lazy-load owl-lazy\" src=\"https:\/\/relaisdulys.fr\/wp-content\/plugins\/\/cardealer-helper-library\/images\/loader.gif\" data-src=\"https:\/\/relaisdulys.fr\/wp-content\/uploads\/2021\/07\/placeholder_640x320.jpg\" alt=\"\">\n\t\t\t\t\t\t\t\t\t\t<\/div>\n\t\t\t\t\t\t\t\t<div class=\"item\">\n\t\t\t\t\t\t\t\t\t\t\t<img decoding=\"async\" class=\"center-block cardealer-lazy-load owl-lazy\" src=\"https:\/\/relaisdulys.fr\/wp-content\/plugins\/\/cardealer-helper-library\/images\/loader.gif\" data-src=\"https:\/\/relaisdulys.fr\/wp-content\/uploads\/2021\/07\/placeholder_640x320.jpg\" alt=\"\">\n\t\t\t\t\t\t\t\t\t\t<\/div>\n\t\t\t\t\t<\/div>\n<\/div>\n\t\t<\/div>\n\t\t\t\t<\/div>\n\t\t\t\t\t<\/div>\n\t\t<\/div>\n\t\t\t\t\t<\/div>\n\t\t<\/section>\n\t\t\t\t<\/div>\n\t\t","protected":false},"excerpt":{"rendered":"<p>Image slider with navigation arrow Image slider with navigation dots Autoplay Image slider Loop Image slider<\/p>\n","protected":false},"author":1,"featured_media":0,"parent":0,"menu_order":0,"comment_status":"closed","ping_status":"closed","template":"templates\/cadealer-elementor-full-width.php","meta":{"_acf_changed":false,"footnotes":""},"class_list":["post-11491","page","type-page","status-publish","hentry"],"acf":[],"yoast_head":"<!-- This site is optimized with the Yoast SEO plugin v24.0 - https:\/\/yoast.com\/wordpress\/plugins\/seo\/ -->\n<title>Image Slider - Le Relais du Lys - V\u00e9hicules premium et sportifs d&#039;occasion - Atelier de r\u00e9paration - D\u00e9pot-vente<\/title>\n<meta name=\"robots\" content=\"index, follow, max-snippet:-1, max-image-preview:large, max-video-preview:-1\" \/>\n<link rel=\"canonical\" href=\"https:\/\/relaisdulys.fr\/index.php\/image-slider\/\" \/>\n<meta property=\"og:locale\" content=\"fr_FR\" \/>\n<meta property=\"og:type\" content=\"article\" \/>\n<meta property=\"og:title\" content=\"Image Slider - Le Relais du Lys - V\u00e9hicules premium et sportifs d&#039;occasion - Atelier de r\u00e9paration - D\u00e9pot-vente\" \/>\n<meta property=\"og:description\" content=\"Image slider with navigation arrow Image slider with navigation dots Autoplay Image slider Loop Image slider\" \/>\n<meta property=\"og:url\" content=\"https:\/\/relaisdulys.fr\/index.php\/image-slider\/\" \/>\n<meta property=\"og:site_name\" content=\"Le Relais du Lys - V\u00e9hicules premium et sportifs d&#039;occasion - Atelier de r\u00e9paration - D\u00e9pot-vente\" \/>\n<meta property=\"article:publisher\" content=\"https:\/\/facebook.com\/lerelaisdulys\" \/>\n<meta property=\"og:image\" content=\"http:\/\/relaisdulys.fr\/wp-content\/uploads\/2021\/07\/placeholder_640x320.jpg\" \/>\n<meta name=\"twitter:card\" content=\"summary_large_image\" \/>\n<script type=\"application\/ld+json\" class=\"yoast-schema-graph\">{\"@context\":\"https:\/\/schema.org\",\"@graph\":[{\"@type\":\"WebPage\",\"@id\":\"https:\/\/relaisdulys.fr\/index.php\/image-slider\/\",\"url\":\"https:\/\/relaisdulys.fr\/index.php\/image-slider\/\",\"name\":\"Image Slider - Le Relais du Lys - V\u00e9hicules premium et sportifs d&#039;occasion - Atelier de r\u00e9paration - D\u00e9pot-vente\",\"isPartOf\":{\"@id\":\"https:\/\/relaisdulys.fr\/#website\"},\"primaryImageOfPage\":{\"@id\":\"https:\/\/relaisdulys.fr\/index.php\/image-slider\/#primaryimage\"},\"image\":{\"@id\":\"https:\/\/relaisdulys.fr\/index.php\/image-slider\/#primaryimage\"},\"thumbnailUrl\":\"http:\/\/relaisdulys.fr\/wp-content\/uploads\/2021\/07\/placeholder_640x320.jpg\",\"datePublished\":\"2021-09-02T07:11:39+00:00\",\"dateModified\":\"2021-09-02T07:11:39+00:00\",\"breadcrumb\":{\"@id\":\"https:\/\/relaisdulys.fr\/index.php\/image-slider\/#breadcrumb\"},\"inLanguage\":\"fr-FR\",\"potentialAction\":[{\"@type\":\"ReadAction\",\"target\":[\"https:\/\/relaisdulys.fr\/index.php\/image-slider\/\"]}]},{\"@type\":\"ImageObject\",\"inLanguage\":\"fr-FR\",\"@id\":\"https:\/\/relaisdulys.fr\/index.php\/image-slider\/#primaryimage\",\"url\":\"http:\/\/relaisdulys.fr\/wp-content\/uploads\/2021\/07\/placeholder_640x320.jpg\",\"contentUrl\":\"http:\/\/relaisdulys.fr\/wp-content\/uploads\/2021\/07\/placeholder_640x320.jpg\"},{\"@type\":\"BreadcrumbList\",\"@id\":\"https:\/\/relaisdulys.fr\/index.php\/image-slider\/#breadcrumb\",\"itemListElement\":[{\"@type\":\"ListItem\",\"position\":1,\"name\":\"Accueil\",\"item\":\"https:\/\/relaisdulys.fr\/\"},{\"@type\":\"ListItem\",\"position\":2,\"name\":\"Image Slider\"}]},{\"@type\":\"WebSite\",\"@id\":\"https:\/\/relaisdulys.fr\/#website\",\"url\":\"https:\/\/relaisdulys.fr\/\",\"name\":\"Le Relais du Lys - V\u00e9hicules premium et sportifs d'occasion - Atelier de r\u00e9paration - D\u00e9pot-vente\",\"description\":\"Garage Le Relais du Lys \u00e0 proximit\u00e9 de Toulouse - Vente de v\u00e9hicules d&#039;occasion premium et sportifs - Entretien et r\u00e9paration - Achat - D\u00e9p\u00f4t-Vente \u00e0 Saint-Lys\",\"publisher\":{\"@id\":\"https:\/\/relaisdulys.fr\/#organization\"},\"alternateName\":\"Le Relais du Lys - Garage Eurorepar \u00e0 Saint-Lys\",\"potentialAction\":[{\"@type\":\"SearchAction\",\"target\":{\"@type\":\"EntryPoint\",\"urlTemplate\":\"https:\/\/relaisdulys.fr\/?s={search_term_string}\"},\"query-input\":{\"@type\":\"PropertyValueSpecification\",\"valueRequired\":true,\"valueName\":\"search_term_string\"}}],\"inLanguage\":\"fr-FR\"},{\"@type\":\"Organization\",\"@id\":\"https:\/\/relaisdulys.fr\/#organization\",\"name\":\"Le Relais du Lys\",\"url\":\"https:\/\/relaisdulys.fr\/\",\"logo\":{\"@type\":\"ImageObject\",\"inLanguage\":\"fr-FR\",\"@id\":\"https:\/\/relaisdulys.fr\/#\/schema\/logo\/image\/\",\"url\":\"https:\/\/relaisdulys.fr\/wp-content\/uploads\/2021\/07\/relais-du-lys-350-100.png\",\"contentUrl\":\"https:\/\/relaisdulys.fr\/wp-content\/uploads\/2021\/07\/relais-du-lys-350-100.png\",\"width\":350,\"height\":100,\"caption\":\"Le Relais du Lys\"},\"image\":{\"@id\":\"https:\/\/relaisdulys.fr\/#\/schema\/logo\/image\/\"},\"sameAs\":[\"https:\/\/facebook.com\/lerelaisdulys\",\"https:\/\/youtube.com\/@relaisdulys\",\"https:\/\/instagram.com\/relaisdulys\",\"https:\/\/maps.app.goo.gl\/UPLQVadwmRR3DgUbA\"]}]}<\/script>\n<!-- \/ Yoast SEO plugin. -->","yoast_head_json":{"title":"Image Slider - Le Relais du Lys - V\u00e9hicules premium et sportifs d&#039;occasion - Atelier de r\u00e9paration - D\u00e9pot-vente","robots":{"index":"index","follow":"follow","max-snippet":"max-snippet:-1","max-image-preview":"max-image-preview:large","max-video-preview":"max-video-preview:-1"},"canonical":"https:\/\/relaisdulys.fr\/index.php\/image-slider\/","og_locale":"fr_FR","og_type":"article","og_title":"Image Slider - Le Relais du Lys - V\u00e9hicules premium et sportifs d&#039;occasion - Atelier de r\u00e9paration - D\u00e9pot-vente","og_description":"Image slider with navigation arrow Image slider with navigation dots Autoplay Image slider Loop Image slider","og_url":"https:\/\/relaisdulys.fr\/index.php\/image-slider\/","og_site_name":"Le Relais du Lys - V\u00e9hicules premium et sportifs d&#039;occasion - Atelier de r\u00e9paration - D\u00e9pot-vente","article_publisher":"https:\/\/facebook.com\/lerelaisdulys","og_image":[{"url":"http:\/\/relaisdulys.fr\/wp-content\/uploads\/2021\/07\/placeholder_640x320.jpg","type":"","width":"","height":""}],"twitter_card":"summary_large_image","schema":{"@context":"https:\/\/schema.org","@graph":[{"@type":"WebPage","@id":"https:\/\/relaisdulys.fr\/index.php\/image-slider\/","url":"https:\/\/relaisdulys.fr\/index.php\/image-slider\/","name":"Image Slider - Le Relais du Lys - V\u00e9hicules premium et sportifs d&#039;occasion - Atelier de r\u00e9paration - D\u00e9pot-vente","isPartOf":{"@id":"https:\/\/relaisdulys.fr\/#website"},"primaryImageOfPage":{"@id":"https:\/\/relaisdulys.fr\/index.php\/image-slider\/#primaryimage"},"image":{"@id":"https:\/\/relaisdulys.fr\/index.php\/image-slider\/#primaryimage"},"thumbnailUrl":"http:\/\/relaisdulys.fr\/wp-content\/uploads\/2021\/07\/placeholder_640x320.jpg","datePublished":"2021-09-02T07:11:39+00:00","dateModified":"2021-09-02T07:11:39+00:00","breadcrumb":{"@id":"https:\/\/relaisdulys.fr\/index.php\/image-slider\/#breadcrumb"},"inLanguage":"fr-FR","potentialAction":[{"@type":"ReadAction","target":["https:\/\/relaisdulys.fr\/index.php\/image-slider\/"]}]},{"@type":"ImageObject","inLanguage":"fr-FR","@id":"https:\/\/relaisdulys.fr\/index.php\/image-slider\/#primaryimage","url":"http:\/\/relaisdulys.fr\/wp-content\/uploads\/2021\/07\/placeholder_640x320.jpg","contentUrl":"http:\/\/relaisdulys.fr\/wp-content\/uploads\/2021\/07\/placeholder_640x320.jpg"},{"@type":"BreadcrumbList","@id":"https:\/\/relaisdulys.fr\/index.php\/image-slider\/#breadcrumb","itemListElement":[{"@type":"ListItem","position":1,"name":"Accueil","item":"https:\/\/relaisdulys.fr\/"},{"@type":"ListItem","position":2,"name":"Image Slider"}]},{"@type":"WebSite","@id":"https:\/\/relaisdulys.fr\/#website","url":"https:\/\/relaisdulys.fr\/","name":"Le Relais du Lys - V\u00e9hicules premium et sportifs d'occasion - Atelier de r\u00e9paration - D\u00e9pot-vente","description":"Garage Le Relais du Lys \u00e0 proximit\u00e9 de Toulouse - Vente de v\u00e9hicules d&#039;occasion premium et sportifs - Entretien et r\u00e9paration - Achat - D\u00e9p\u00f4t-Vente \u00e0 Saint-Lys","publisher":{"@id":"https:\/\/relaisdulys.fr\/#organization"},"alternateName":"Le Relais du Lys - Garage Eurorepar \u00e0 Saint-Lys","potentialAction":[{"@type":"SearchAction","target":{"@type":"EntryPoint","urlTemplate":"https:\/\/relaisdulys.fr\/?s={search_term_string}"},"query-input":{"@type":"PropertyValueSpecification","valueRequired":true,"valueName":"search_term_string"}}],"inLanguage":"fr-FR"},{"@type":"Organization","@id":"https:\/\/relaisdulys.fr\/#organization","name":"Le Relais du Lys","url":"https:\/\/relaisdulys.fr\/","logo":{"@type":"ImageObject","inLanguage":"fr-FR","@id":"https:\/\/relaisdulys.fr\/#\/schema\/logo\/image\/","url":"https:\/\/relaisdulys.fr\/wp-content\/uploads\/2021\/07\/relais-du-lys-350-100.png","contentUrl":"https:\/\/relaisdulys.fr\/wp-content\/uploads\/2021\/07\/relais-du-lys-350-100.png","width":350,"height":100,"caption":"Le Relais du Lys"},"image":{"@id":"https:\/\/relaisdulys.fr\/#\/schema\/logo\/image\/"},"sameAs":["https:\/\/facebook.com\/lerelaisdulys","https:\/\/youtube.com\/@relaisdulys","https:\/\/instagram.com\/relaisdulys","https:\/\/maps.app.goo.gl\/UPLQVadwmRR3DgUbA"]}]}},"_links":{"self":[{"href":"https:\/\/relaisdulys.fr\/index.php\/wp-json\/wp\/v2\/pages\/11491","targetHints":{"allow":["GET"]}}],"collection":[{"href":"https:\/\/relaisdulys.fr\/index.php\/wp-json\/wp\/v2\/pages"}],"about":[{"href":"https:\/\/relaisdulys.fr\/index.php\/wp-json\/wp\/v2\/types\/page"}],"author":[{"embeddable":true,"href":"https:\/\/relaisdulys.fr\/index.php\/wp-json\/wp\/v2\/users\/1"}],"replies":[{"embeddable":true,"href":"https:\/\/relaisdulys.fr\/index.php\/wp-json\/wp\/v2\/comments?post=11491"}],"version-history":[{"count":0,"href":"https:\/\/relaisdulys.fr\/index.php\/wp-json\/wp\/v2\/pages\/11491\/revisions"}],"wp:attachment":[{"href":"https:\/\/relaisdulys.fr\/index.php\/wp-json\/wp\/v2\/media?parent=11491"}],"curies":[{"name":"wp","href":"https:\/\/api.w.org\/{rel}","templated":true}]}}