{"id":10783,"date":"2021-06-30T10:03:46","date_gmt":"2021-06-30T10:03:46","guid":{"rendered":"https:\/\/localhost\/cardealer\/?page_id=10783"},"modified":"2021-06-30T10:03:46","modified_gmt":"2021-06-30T10:03:46","slug":"page-both-sidebar","status":"publish","type":"page","link":"https:\/\/relaisdulys.fr\/index.php\/page-both-sidebar\/","title":{"rendered":"Page Both Sidebar"},"content":{"rendered":"\t\t<div data-elementor-type=\"wp-page\" data-elementor-id=\"10783\" class=\"elementor elementor-10783\">\n\t\t\t\t\t\t<section class=\"elementor-section elementor-top-section elementor-element elementor-element-46b4 elementor-section-boxed elementor-section-height-default elementor-section-height-default\" data-id=\"46b4\" data-element_type=\"section\">\n\t\t\t\t\t\t<div class=\"elementor-container elementor-column-gap-default\">\n\t\t\t\t\t<div class=\"elementor-column elementor-col-100 elementor-top-column elementor-element elementor-element-4787\" data-id=\"4787\" data-element_type=\"column\">\n\t\t\t<div class=\"elementor-widget-wrap elementor-element-populated\">\n\t\t\t\t\t\t<div class=\"elementor-element elementor-element-9fa elementor-widget elementor-widget-text-editor\" data-id=\"9fa\" data-element_type=\"widget\" data-widget_type=\"text-editor.default\">\n\t\t\t\t<div class=\"elementor-widget-container\">\n\t\t\t\t\t\t\tLorem ipsum dolor sit amet, consectetur adipisicing elit. Iste qui impedit, ut dolorem aspernatur mollitia veritatis quod! Deserunt molestiae distinctio doloremque sequi, perferendis, temporibus ad autem ab, quos et eos.Lorem ipsum dolor sit amet, consectetur adipisicing elit. Iste qui impedit, ut dolorem aspernatur mollitia veritatis quod! Deserunt molestiae\t\t\t\t\t\t<\/div>\n\t\t\t\t<\/div>\n\t\t\t\t<div class=\"elementor-element elementor-element-1bab elementor-widget elementor-widget-text-editor\" data-id=\"1bab\" data-element_type=\"widget\" data-widget_type=\"text-editor.default\">\n\t\t\t\t<div class=\"elementor-widget-container\">\n\t\t\t\t\t\t\tDistinctio doloremque sequi, perferendis, temporibus ad autem ab, quos et eos.Lorem ipsum dolor sit amet, consectetur adipisicing elit. Iste qui impedit, ut dolorem aspernatur mollitia veritatis quod! Deserunt molestiae distinctio doloremque sequi, perferendis, temporibus ad autem ab, quos et eos.Lorem ipsum dolor sit amet, consectetur adipisicing elit. Iste qui impedit, ut dolorem aspernatur mollitia veritatis\t\t\t\t\t\t<\/div>\n\t\t\t\t<\/div>\n\t\t\t\t<div class=\"elementor-element elementor-element-1208 elementor-widget elementor-widget-cdhl_lists\" data-id=\"1208\" data-element_type=\"widget\" data-widget_type=\"cdhl_lists.default\">\n\t\t\t\t<div class=\"elementor-widget-container\">\n\t\t\t<div class=\"cdhl_lists_wrapper\">\n\t<ul class=\"list\">\n\t\t\t\t\t\t<li>\n\t\t\t\t\t<svg aria-hidden=\"true\" class=\"e-font-icon-svg e-fas-angle-right\" viewBox=\"0 0 256 512\" xmlns=\"http:\/\/www.w3.org\/2000\/svg\"><path d=\"M224.3 273l-136 136c-9.4 9.4-24.6 9.4-33.9 0l-22.6-22.6c-9.4-9.4-9.4-24.6 0-33.9l96.4-96.4-96.4-96.4c-9.4-9.4-9.4-24.6 0-33.9L54.3 103c9.4-9.4 24.6-9.4 33.9 0l136 136c9.5 9.4 9.5 24.6.1 34z\"><\/path><\/svg>\t\t\t\t\t<span>Lorem ipsum dolor sit amet, consectetur<\/span>\n\t\t\t\t<\/li>\n\t\t\t\t\t\t\t\t<li>\n\t\t\t\t\t<svg aria-hidden=\"true\" class=\"e-font-icon-svg e-fas-angle-right\" viewBox=\"0 0 256 512\" xmlns=\"http:\/\/www.w3.org\/2000\/svg\"><path d=\"M224.3 273l-136 136c-9.4 9.4-24.6 9.4-33.9 0l-22.6-22.6c-9.4-9.4-9.4-24.6 0-33.9l96.4-96.4-96.4-96.4c-9.4-9.4-9.4-24.6 0-33.9L54.3 103c9.4-9.4 24.6-9.4 33.9 0l136 136c9.5 9.4 9.5 24.6.1 34z\"><\/path><\/svg>\t\t\t\t\t<span>Quidem error quae illo excepturi nostrum blanditiis laboriosam<\/span>\n\t\t\t\t<\/li>\n\t\t\t\t\t\t\t\t<li>\n\t\t\t\t\t<svg aria-hidden=\"true\" class=\"e-font-icon-svg e-fas-angle-right\" viewBox=\"0 0 256 512\" xmlns=\"http:\/\/www.w3.org\/2000\/svg\"><path d=\"M224.3 273l-136 136c-9.4 9.4-24.6 9.4-33.9 0l-22.6-22.6c-9.4-9.4-9.4-24.6 0-33.9l96.4-96.4-96.4-96.4c-9.4-9.4-9.4-24.6 0-33.9L54.3 103c9.4-9.4 24.6-9.4 33.9 0l136 136c9.5 9.4 9.5 24.6.1 34z\"><\/path><\/svg>\t\t\t\t\t<span>Molestias, eum nihil expedita dolorum odio dolorem<\/span>\n\t\t\t\t<\/li>\n\t\t\t\t\t\t\t\t<li>\n\t\t\t\t\t<svg aria-hidden=\"true\" class=\"e-font-icon-svg e-fas-angle-right\" viewBox=\"0 0 256 512\" xmlns=\"http:\/\/www.w3.org\/2000\/svg\"><path d=\"M224.3 273l-136 136c-9.4 9.4-24.6 9.4-33.9 0l-22.6-22.6c-9.4-9.4-9.4-24.6 0-33.9l96.4-96.4-96.4-96.4c-9.4-9.4-9.4-24.6 0-33.9L54.3 103c9.4-9.4 24.6-9.4 33.9 0l136 136c9.5 9.4 9.5 24.6.1 34z\"><\/path><\/svg>\t\t\t\t\t<span> Eum nihil expedita dolorum odio dolorem<\/span>\n\t\t\t\t<\/li>\n\t\t\t\t\t\t\t\t<li>\n\t\t\t\t\t<svg aria-hidden=\"true\" class=\"e-font-icon-svg e-fas-angle-right\" viewBox=\"0 0 256 512\" xmlns=\"http:\/\/www.w3.org\/2000\/svg\"><path d=\"M224.3 273l-136 136c-9.4 9.4-24.6 9.4-33.9 0l-22.6-22.6c-9.4-9.4-9.4-24.6 0-33.9l96.4-96.4-96.4-96.4c-9.4-9.4-9.4-24.6 0-33.9L54.3 103c9.4-9.4 24.6-9.4 33.9 0l136 136c9.5 9.4 9.5 24.6.1 34z\"><\/path><\/svg>\t\t\t\t\t<span>Explicabo rem illum magni perferendis<\/span>\n\t\t\t\t<\/li>\n\t\t\t\t\t<\/ul>\n<\/div>\n\t\t<\/div>\n\t\t\t\t<\/div>\n\t\t\t\t<div class=\"elementor-element elementor-element-4da1 elementor-widget elementor-widget-text-editor\" data-id=\"4da1\" data-element_type=\"widget\" data-widget_type=\"text-editor.default\">\n\t\t\t\t<div class=\"elementor-widget-container\">\n\t\t\t\t\t\t\tLorem ipsum dolor sit amet, consectetur adipisicing elit. Iste qui impedit, ut dolorem aspernatur mollitia veritatis quod! Deserunt molestiae distinctio doloremque sequi, perferendis, temporibus ad autem ab, quos et eos.Lorem ipsum dolor sit amet, consectetur adipisicing elit. Iste qui impedit, ut dolorem aspernatur mollitia veritatis quod! Deserunt molestiae\t\t\t\t\t\t<\/div>\n\t\t\t\t<\/div>\n\t\t\t\t<div class=\"elementor-element elementor-element-4bc6 elementor-widget elementor-widget-text-editor\" data-id=\"4bc6\" data-element_type=\"widget\" data-widget_type=\"text-editor.default\">\n\t\t\t\t<div class=\"elementor-widget-container\">\n\t\t\t\t\t\t\tDistinctio doloremque sequi, perferendis, tempori tetur adipisicing elit. Iste qui impedit, ut dolorem aspernatur mollitia veritatis quod! Deserunt mo ab, quos et eos.Lorem ipsum dolor sit amet, consectetur adipisicing elit. Iste qui impedit, ut dolorem aspernatur mollitia veritatis\t\t\t\t\t\t<\/div>\n\t\t\t\t<\/div>\n\t\t\t\t\t<\/div>\n\t\t<\/div>\n\t\t\t\t\t<\/div>\n\t\t<\/section>\n\t\t\t\t<\/div>\n\t\t","protected":false},"excerpt":{"rendered":"","protected":false},"author":1,"featured_media":0,"parent":0,"menu_order":0,"comment_status":"closed","ping_status":"closed","template":"","meta":{"_acf_changed":false,"footnotes":""},"class_list":["post-10783","page","type-page","status-publish","hentry"],"acf":[],"yoast_head":"<!-- This site is optimized with the Yoast SEO plugin v24.0 - https:\/\/yoast.com\/wordpress\/plugins\/seo\/ -->\n<title>Page Both Sidebar - Le Relais du Lys - V\u00e9hicules premium et sportifs d&#039;occasion - Atelier de r\u00e9paration - D\u00e9pot-vente<\/title>\n<meta name=\"robots\" content=\"index, follow, max-snippet:-1, max-image-preview:large, max-video-preview:-1\" \/>\n<link rel=\"canonical\" href=\"https:\/\/relaisdulys.fr\/index.php\/page-both-sidebar\/\" \/>\n<meta property=\"og:locale\" content=\"fr_FR\" \/>\n<meta property=\"og:type\" content=\"article\" \/>\n<meta property=\"og:title\" content=\"Page Both Sidebar - Le Relais du Lys - V\u00e9hicules premium et sportifs d&#039;occasion - Atelier de r\u00e9paration - D\u00e9pot-vente\" \/>\n<meta property=\"og:url\" content=\"https:\/\/relaisdulys.fr\/index.php\/page-both-sidebar\/\" \/>\n<meta property=\"og:site_name\" content=\"Le Relais du Lys - V\u00e9hicules premium et sportifs d&#039;occasion - Atelier de r\u00e9paration - D\u00e9pot-vente\" \/>\n<meta property=\"article:publisher\" content=\"https:\/\/facebook.com\/lerelaisdulys\" \/>\n<meta name=\"twitter:card\" content=\"summary_large_image\" \/>\n<script type=\"application\/ld+json\" class=\"yoast-schema-graph\">{\"@context\":\"https:\/\/schema.org\",\"@graph\":[{\"@type\":\"WebPage\",\"@id\":\"https:\/\/relaisdulys.fr\/index.php\/page-both-sidebar\/\",\"url\":\"https:\/\/relaisdulys.fr\/index.php\/page-both-sidebar\/\",\"name\":\"Page Both Sidebar - Le Relais du Lys - V\u00e9hicules premium et sportifs d&#039;occasion - Atelier de r\u00e9paration - D\u00e9pot-vente\",\"isPartOf\":{\"@id\":\"https:\/\/relaisdulys.fr\/#website\"},\"datePublished\":\"2021-06-30T10:03:46+00:00\",\"dateModified\":\"2021-06-30T10:03:46+00:00\",\"breadcrumb\":{\"@id\":\"https:\/\/relaisdulys.fr\/index.php\/page-both-sidebar\/#breadcrumb\"},\"inLanguage\":\"fr-FR\",\"potentialAction\":[{\"@type\":\"ReadAction\",\"target\":[\"https:\/\/relaisdulys.fr\/index.php\/page-both-sidebar\/\"]}]},{\"@type\":\"BreadcrumbList\",\"@id\":\"https:\/\/relaisdulys.fr\/index.php\/page-both-sidebar\/#breadcrumb\",\"itemListElement\":[{\"@type\":\"ListItem\",\"position\":1,\"name\":\"Accueil\",\"item\":\"https:\/\/relaisdulys.fr\/\"},{\"@type\":\"ListItem\",\"position\":2,\"name\":\"Page Both Sidebar\"}]},{\"@type\":\"WebSite\",\"@id\":\"https:\/\/relaisdulys.fr\/#website\",\"url\":\"https:\/\/relaisdulys.fr\/\",\"name\":\"Le Relais du Lys - V\u00e9hicules premium et sportifs d'occasion - Atelier de r\u00e9paration - D\u00e9pot-vente\",\"description\":\"Garage Le Relais du Lys \u00e0 proximit\u00e9 de Toulouse - Vente de v\u00e9hicules d&#039;occasion premium et sportifs - Entretien et r\u00e9paration - Achat - D\u00e9p\u00f4t-Vente \u00e0 Saint-Lys\",\"publisher\":{\"@id\":\"https:\/\/relaisdulys.fr\/#organization\"},\"alternateName\":\"Le Relais du Lys - Garage Eurorepar \u00e0 Saint-Lys\",\"potentialAction\":[{\"@type\":\"SearchAction\",\"target\":{\"@type\":\"EntryPoint\",\"urlTemplate\":\"https:\/\/relaisdulys.fr\/?s={search_term_string}\"},\"query-input\":{\"@type\":\"PropertyValueSpecification\",\"valueRequired\":true,\"valueName\":\"search_term_string\"}}],\"inLanguage\":\"fr-FR\"},{\"@type\":\"Organization\",\"@id\":\"https:\/\/relaisdulys.fr\/#organization\",\"name\":\"Le Relais du Lys\",\"url\":\"https:\/\/relaisdulys.fr\/\",\"logo\":{\"@type\":\"ImageObject\",\"inLanguage\":\"fr-FR\",\"@id\":\"https:\/\/relaisdulys.fr\/#\/schema\/logo\/image\/\",\"url\":\"https:\/\/relaisdulys.fr\/wp-content\/uploads\/2021\/07\/relais-du-lys-350-100.png\",\"contentUrl\":\"https:\/\/relaisdulys.fr\/wp-content\/uploads\/2021\/07\/relais-du-lys-350-100.png\",\"width\":350,\"height\":100,\"caption\":\"Le Relais du Lys\"},\"image\":{\"@id\":\"https:\/\/relaisdulys.fr\/#\/schema\/logo\/image\/\"},\"sameAs\":[\"https:\/\/facebook.com\/lerelaisdulys\",\"https:\/\/youtube.com\/@relaisdulys\",\"https:\/\/instagram.com\/relaisdulys\",\"https:\/\/maps.app.goo.gl\/UPLQVadwmRR3DgUbA\"]}]}<\/script>\n<!-- \/ Yoast SEO plugin. -->","yoast_head_json":{"title":"Page Both Sidebar - Le Relais du Lys - V\u00e9hicules premium et sportifs d&#039;occasion - Atelier de r\u00e9paration - D\u00e9pot-vente","robots":{"index":"index","follow":"follow","max-snippet":"max-snippet:-1","max-image-preview":"max-image-preview:large","max-video-preview":"max-video-preview:-1"},"canonical":"https:\/\/relaisdulys.fr\/index.php\/page-both-sidebar\/","og_locale":"fr_FR","og_type":"article","og_title":"Page Both Sidebar - Le Relais du Lys - V\u00e9hicules premium et sportifs d&#039;occasion - Atelier de r\u00e9paration - D\u00e9pot-vente","og_url":"https:\/\/relaisdulys.fr\/index.php\/page-both-sidebar\/","og_site_name":"Le Relais du Lys - V\u00e9hicules premium et sportifs d&#039;occasion - Atelier de r\u00e9paration - D\u00e9pot-vente","article_publisher":"https:\/\/facebook.com\/lerelaisdulys","twitter_card":"summary_large_image","schema":{"@context":"https:\/\/schema.org","@graph":[{"@type":"WebPage","@id":"https:\/\/relaisdulys.fr\/index.php\/page-both-sidebar\/","url":"https:\/\/relaisdulys.fr\/index.php\/page-both-sidebar\/","name":"Page Both Sidebar - Le Relais du Lys - V\u00e9hicules premium et sportifs d&#039;occasion - Atelier de r\u00e9paration - D\u00e9pot-vente","isPartOf":{"@id":"https:\/\/relaisdulys.fr\/#website"},"datePublished":"2021-06-30T10:03:46+00:00","dateModified":"2021-06-30T10:03:46+00:00","breadcrumb":{"@id":"https:\/\/relaisdulys.fr\/index.php\/page-both-sidebar\/#breadcrumb"},"inLanguage":"fr-FR","potentialAction":[{"@type":"ReadAction","target":["https:\/\/relaisdulys.fr\/index.php\/page-both-sidebar\/"]}]},{"@type":"BreadcrumbList","@id":"https:\/\/relaisdulys.fr\/index.php\/page-both-sidebar\/#breadcrumb","itemListElement":[{"@type":"ListItem","position":1,"name":"Accueil","item":"https:\/\/relaisdulys.fr\/"},{"@type":"ListItem","position":2,"name":"Page Both Sidebar"}]},{"@type":"WebSite","@id":"https:\/\/relaisdulys.fr\/#website","url":"https:\/\/relaisdulys.fr\/","name":"Le Relais du Lys - V\u00e9hicules premium et sportifs d'occasion - Atelier de r\u00e9paration - D\u00e9pot-vente","description":"Garage Le Relais du Lys \u00e0 proximit\u00e9 de Toulouse - Vente de v\u00e9hicules d&#039;occasion premium et sportifs - Entretien et r\u00e9paration - Achat - D\u00e9p\u00f4t-Vente \u00e0 Saint-Lys","publisher":{"@id":"https:\/\/relaisdulys.fr\/#organization"},"alternateName":"Le Relais du Lys - Garage Eurorepar \u00e0 Saint-Lys","potentialAction":[{"@type":"SearchAction","target":{"@type":"EntryPoint","urlTemplate":"https:\/\/relaisdulys.fr\/?s={search_term_string}"},"query-input":{"@type":"PropertyValueSpecification","valueRequired":true,"valueName":"search_term_string"}}],"inLanguage":"fr-FR"},{"@type":"Organization","@id":"https:\/\/relaisdulys.fr\/#organization","name":"Le Relais du Lys","url":"https:\/\/relaisdulys.fr\/","logo":{"@type":"ImageObject","inLanguage":"fr-FR","@id":"https:\/\/relaisdulys.fr\/#\/schema\/logo\/image\/","url":"https:\/\/relaisdulys.fr\/wp-content\/uploads\/2021\/07\/relais-du-lys-350-100.png","contentUrl":"https:\/\/relaisdulys.fr\/wp-content\/uploads\/2021\/07\/relais-du-lys-350-100.png","width":350,"height":100,"caption":"Le Relais du Lys"},"image":{"@id":"https:\/\/relaisdulys.fr\/#\/schema\/logo\/image\/"},"sameAs":["https:\/\/facebook.com\/lerelaisdulys","https:\/\/youtube.com\/@relaisdulys","https:\/\/instagram.com\/relaisdulys","https:\/\/maps.app.goo.gl\/UPLQVadwmRR3DgUbA"]}]}},"_links":{"self":[{"href":"https:\/\/relaisdulys.fr\/index.php\/wp-json\/wp\/v2\/pages\/10783","targetHints":{"allow":["GET"]}}],"collection":[{"href":"https:\/\/relaisdulys.fr\/index.php\/wp-json\/wp\/v2\/pages"}],"about":[{"href":"https:\/\/relaisdulys.fr\/index.php\/wp-json\/wp\/v2\/types\/page"}],"author":[{"embeddable":true,"href":"https:\/\/relaisdulys.fr\/index.php\/wp-json\/wp\/v2\/users\/1"}],"replies":[{"embeddable":true,"href":"https:\/\/relaisdulys.fr\/index.php\/wp-json\/wp\/v2\/comments?post=10783"}],"version-history":[{"count":0,"href":"https:\/\/relaisdulys.fr\/index.php\/wp-json\/wp\/v2\/pages\/10783\/revisions"}],"wp:attachment":[{"href":"https:\/\/relaisdulys.fr\/index.php\/wp-json\/wp\/v2\/media?parent=10783"}],"curies":[{"name":"wp","href":"https:\/\/api.w.org\/{rel}","templated":true}]}}